{"id":2886,"date":"2018-04-06T21:48:29","date_gmt":"2018-04-06T18:48:29","guid":{"rendered":"https:\/\/rsparks.fi\/contact\/"},"modified":"2023-02-22T17:08:40","modified_gmt":"2023-02-22T15:08:40","slug":"contact","status":"publish","type":"page","link":"https:\/\/kauppa.rsparks.fi\/en\/contact\/","title":{"rendered":"Contact"},"content":{"rendered":"\n<p>We are focusing on enhancing skills training. We design and build sports facilities both inside and outside. Our web shop we sell skill training equipment. Our offices are located up north in <strong>Oulu, Finland. <\/strong><\/p>\n\n\n\n<p><\/p>\n\n\n\n<h3 class=\"wp-block-heading\">Yrityksen tiedot<\/h3>\n\n\n\n<p><strong>RS Parks Oy<\/strong><br>Sy\u00f6tekyl\u00e4ntie 1177<br>93280 Sy\u00f6te<br>Y-tunnus: 2550369-1<\/p>\n\n\n\n<h2 class=\"wp-block-heading\">Contact Information:<\/h2>\n\n\n\n<p><strong>Web store<\/strong>:<br>Paakakatu 2<br>90520 Oulu<br>FINLAND<\/p>\n\n\n\n<p><a href=\"mailto:info@rsparks.fi\">info@rsparks.fi<\/a><br>+358 8 613 9190<\/p>\n\n\n\n<p><strong>RS Parks Ltd<\/strong><br>Sy\u00f6tekyl\u00e4ntie 1177<br>93280 Sy\u00f6te<br>FINLAND<br><br>VAT ID: FI25503691<br><a href=\"mailto:info@rsparks.fi\">info@rsparks.fi<\/a><br>+358 8 613 9190<\/p>\n\n\n\n<p><\/p>\n","protected":false},"excerpt":{"rendered":"<p>We are focusing on enhancing skills training. We design and build sports facilities both inside and outside. Our web shop we sell skill training equipment. Our offices are located on up north in Oulu, Finland. <\/p>\n","protected":false},"author":4,"featured_media":8972,"parent":0,"menu_order":0,"comment_status":"closed","ping_status":"closed","template":"page-narrow.blade.php","meta":{"_acf_changed":false,"footnotes":""},"class_list":["post-2886","page","type-page","status-publish","has-post-thumbnail","hentry"],"acf":[],"yoast_head":"<!-- This site is optimized with the Yoast SEO plugin v26.8 - https:\/\/yoast.com\/product\/yoast-seo-wordpress\/ -->\n<title>Contact &#8211; RS Parks<\/title>\n<meta name=\"description\" content=\"We design and build sports facilities both inside and outside. Our web shop we sell skill training equipment. Our offices are located in Oulu, Finland.\" \/>\n<meta name=\"robots\" content=\"index, follow, max-snippet:-1, max-image-preview:large, max-video-preview:-1\" \/>\n<link rel=\"canonical\" href=\"https:\/\/kauppa.rsparks.fi\/en\/contact\/\" \/>\n<meta property=\"og:locale\" content=\"en_US\" \/>\n<meta property=\"og:type\" content=\"article\" \/>\n<meta property=\"og:title\" content=\"Contact &#8211; RS Parks\" \/>\n<meta property=\"og:description\" content=\"We design and build sports facilities both inside and outside. Our web shop we sell skill training equipment. Our offices are located in Oulu, Finland.\" \/>\n<meta property=\"og:url\" content=\"https:\/\/kauppa.rsparks.fi\/en\/contact\/\" \/>\n<meta property=\"og:site_name\" content=\"RS Parks\" \/>\n<meta property=\"article:modified_time\" content=\"2023-02-22T15:08:40+00:00\" \/>\n<meta property=\"og:image\" content=\"https:\/\/kauppa.rsparks.fi\/wp-content\/uploads\/palvelut_5.jpg\" \/>\n\t<meta property=\"og:image:width\" content=\"1600\" \/>\n\t<meta property=\"og:image:height\" content=\"900\" \/>\n\t<meta property=\"og:image:type\" content=\"image\/jpeg\" \/>\n<meta name=\"twitter:card\" content=\"summary_large_image\" \/>\n<script type=\"application\/ld+json\" class=\"yoast-schema-graph\">{\"@context\":\"https:\/\/schema.org\",\"@graph\":[{\"@type\":\"WebPage\",\"@id\":\"https:\/\/kauppa.rsparks.fi\/en\/contact\/\",\"url\":\"https:\/\/kauppa.rsparks.fi\/en\/contact\/\",\"name\":\"Contact &#8211; RS Parks\",\"isPartOf\":{\"@id\":\"https:\/\/kauppa.rsparks.fi\/en\/#website\"},\"primaryImageOfPage\":{\"@id\":\"https:\/\/kauppa.rsparks.fi\/en\/contact\/#primaryimage\"},\"image\":{\"@id\":\"https:\/\/kauppa.rsparks.fi\/en\/contact\/#primaryimage\"},\"thumbnailUrl\":\"https:\/\/kauppa.rsparks.fi\/wp-content\/uploads\/palvelut_5.jpg\",\"datePublished\":\"2018-04-06T18:48:29+00:00\",\"dateModified\":\"2023-02-22T15:08:40+00:00\",\"description\":\"We design and build sports facilities both inside and outside. Our web shop we sell skill training equipment. Our offices are located in Oulu, Finland.\",\"breadcrumb\":{\"@id\":\"https:\/\/kauppa.rsparks.fi\/en\/contact\/#breadcrumb\"},\"inLanguage\":\"en-us\",\"potentialAction\":[{\"@type\":\"ReadAction\",\"target\":[\"https:\/\/kauppa.rsparks.fi\/en\/contact\/\"]}]},{\"@type\":\"ImageObject\",\"inLanguage\":\"en-us\",\"@id\":\"https:\/\/kauppa.rsparks.fi\/en\/contact\/#primaryimage\",\"url\":\"https:\/\/kauppa.rsparks.fi\/wp-content\/uploads\/palvelut_5.jpg\",\"contentUrl\":\"https:\/\/kauppa.rsparks.fi\/wp-content\/uploads\/palvelut_5.jpg\",\"width\":1600,\"height\":900},{\"@type\":\"BreadcrumbList\",\"@id\":\"https:\/\/kauppa.rsparks.fi\/en\/contact\/#breadcrumb\",\"itemListElement\":[{\"@type\":\"ListItem\",\"position\":1,\"name\":\"Home\",\"item\":\"https:\/\/kauppa.rsparks.fi\/en\/shop\/\"},{\"@type\":\"ListItem\",\"position\":2,\"name\":\"Contact\"}]},{\"@type\":\"WebSite\",\"@id\":\"https:\/\/kauppa.rsparks.fi\/en\/#website\",\"url\":\"https:\/\/kauppa.rsparks.fi\/en\/\",\"name\":\"RS Parks\",\"description\":\"Getting better everyday! Skill training equipment and facilities by RS Parks.\",\"publisher\":{\"@id\":\"https:\/\/kauppa.rsparks.fi\/en\/#organization\"},\"potentialAction\":[{\"@type\":\"SearchAction\",\"target\":{\"@type\":\"EntryPoint\",\"urlTemplate\":\"https:\/\/kauppa.rsparks.fi\/en\/?s={search_term_string}\"},\"query-input\":{\"@type\":\"PropertyValueSpecification\",\"valueRequired\":true,\"valueName\":\"search_term_string\"}}],\"inLanguage\":\"en-us\"},{\"@type\":\"Organization\",\"@id\":\"https:\/\/kauppa.rsparks.fi\/en\/#organization\",\"name\":\"RS Parks Oy\",\"url\":\"https:\/\/kauppa.rsparks.fi\/en\/\",\"logo\":{\"@type\":\"ImageObject\",\"inLanguage\":\"en-us\",\"@id\":\"https:\/\/kauppa.rsparks.fi\/en\/#\/schema\/logo\/image\/\",\"url\":\"https:\/\/kauppa.rsparks.fi\/wp-content\/uploads\/RS-Park-logo-pieni-1.png\",\"contentUrl\":\"https:\/\/kauppa.rsparks.fi\/wp-content\/uploads\/RS-Park-logo-pieni-1.png\",\"width\":100,\"height\":100,\"caption\":\"RS Parks Oy\"},\"image\":{\"@id\":\"https:\/\/kauppa.rsparks.fi\/en\/#\/schema\/logo\/image\/\"}}]}<\/script>\n<!-- \/ Yoast SEO plugin. -->","yoast_head_json":{"title":"Contact &#8211; RS Parks","description":"We design and build sports facilities both inside and outside. Our web shop we sell skill training equipment. Our offices are located in Oulu, Finland.","robots":{"index":"index","follow":"follow","max-snippet":"max-snippet:-1","max-image-preview":"max-image-preview:large","max-video-preview":"max-video-preview:-1"},"canonical":"https:\/\/kauppa.rsparks.fi\/en\/contact\/","og_locale":"en_US","og_type":"article","og_title":"Contact &#8211; RS Parks","og_description":"We design and build sports facilities both inside and outside. Our web shop we sell skill training equipment. Our offices are located in Oulu, Finland.","og_url":"https:\/\/kauppa.rsparks.fi\/en\/contact\/","og_site_name":"RS Parks","article_modified_time":"2023-02-22T15:08:40+00:00","og_image":[{"width":1600,"height":900,"url":"https:\/\/kauppa.rsparks.fi\/wp-content\/uploads\/palvelut_5.jpg","type":"image\/jpeg"}],"twitter_card":"summary_large_image","schema":{"@context":"https:\/\/schema.org","@graph":[{"@type":"WebPage","@id":"https:\/\/kauppa.rsparks.fi\/en\/contact\/","url":"https:\/\/kauppa.rsparks.fi\/en\/contact\/","name":"Contact &#8211; RS Parks","isPartOf":{"@id":"https:\/\/kauppa.rsparks.fi\/en\/#website"},"primaryImageOfPage":{"@id":"https:\/\/kauppa.rsparks.fi\/en\/contact\/#primaryimage"},"image":{"@id":"https:\/\/kauppa.rsparks.fi\/en\/contact\/#primaryimage"},"thumbnailUrl":"https:\/\/kauppa.rsparks.fi\/wp-content\/uploads\/palvelut_5.jpg","datePublished":"2018-04-06T18:48:29+00:00","dateModified":"2023-02-22T15:08:40+00:00","description":"We design and build sports facilities both inside and outside. Our web shop we sell skill training equipment. Our offices are located in Oulu, Finland.","breadcrumb":{"@id":"https:\/\/kauppa.rsparks.fi\/en\/contact\/#breadcrumb"},"inLanguage":"en-us","potentialAction":[{"@type":"ReadAction","target":["https:\/\/kauppa.rsparks.fi\/en\/contact\/"]}]},{"@type":"ImageObject","inLanguage":"en-us","@id":"https:\/\/kauppa.rsparks.fi\/en\/contact\/#primaryimage","url":"https:\/\/kauppa.rsparks.fi\/wp-content\/uploads\/palvelut_5.jpg","contentUrl":"https:\/\/kauppa.rsparks.fi\/wp-content\/uploads\/palvelut_5.jpg","width":1600,"height":900},{"@type":"BreadcrumbList","@id":"https:\/\/kauppa.rsparks.fi\/en\/contact\/#breadcrumb","itemListElement":[{"@type":"ListItem","position":1,"name":"Home","item":"https:\/\/kauppa.rsparks.fi\/en\/shop\/"},{"@type":"ListItem","position":2,"name":"Contact"}]},{"@type":"WebSite","@id":"https:\/\/kauppa.rsparks.fi\/en\/#website","url":"https:\/\/kauppa.rsparks.fi\/en\/","name":"RS Parks","description":"Getting better everyday! Skill training equipment and facilities by RS Parks.","publisher":{"@id":"https:\/\/kauppa.rsparks.fi\/en\/#organization"},"potentialAction":[{"@type":"SearchAction","target":{"@type":"EntryPoint","urlTemplate":"https:\/\/kauppa.rsparks.fi\/en\/?s={search_term_string}"},"query-input":{"@type":"PropertyValueSpecification","valueRequired":true,"valueName":"search_term_string"}}],"inLanguage":"en-us"},{"@type":"Organization","@id":"https:\/\/kauppa.rsparks.fi\/en\/#organization","name":"RS Parks Oy","url":"https:\/\/kauppa.rsparks.fi\/en\/","logo":{"@type":"ImageObject","inLanguage":"en-us","@id":"https:\/\/kauppa.rsparks.fi\/en\/#\/schema\/logo\/image\/","url":"https:\/\/kauppa.rsparks.fi\/wp-content\/uploads\/RS-Park-logo-pieni-1.png","contentUrl":"https:\/\/kauppa.rsparks.fi\/wp-content\/uploads\/RS-Park-logo-pieni-1.png","width":100,"height":100,"caption":"RS Parks Oy"},"image":{"@id":"https:\/\/kauppa.rsparks.fi\/en\/#\/schema\/logo\/image\/"}}]}},"_links":{"self":[{"href":"https:\/\/kauppa.rsparks.fi\/en\/wp-json\/wp\/v2\/pages\/2886","targetHints":{"allow":["GET"]}}],"collection":[{"href":"https:\/\/kauppa.rsparks.fi\/en\/wp-json\/wp\/v2\/pages"}],"about":[{"href":"https:\/\/kauppa.rsparks.fi\/en\/wp-json\/wp\/v2\/types\/page"}],"author":[{"embeddable":true,"href":"https:\/\/kauppa.rsparks.fi\/en\/wp-json\/wp\/v2\/users\/4"}],"replies":[{"embeddable":true,"href":"https:\/\/kauppa.rsparks.fi\/en\/wp-json\/wp\/v2\/comments?post=2886"}],"version-history":[{"count":6,"href":"https:\/\/kauppa.rsparks.fi\/en\/wp-json\/wp\/v2\/pages\/2886\/revisions"}],"predecessor-version":[{"id":21895,"href":"https:\/\/kauppa.rsparks.fi\/en\/wp-json\/wp\/v2\/pages\/2886\/revisions\/21895"}],"wp:featuredmedia":[{"embeddable":true,"href":"https:\/\/kauppa.rsparks.fi\/en\/wp-json\/wp\/v2\/media\/8972"}],"wp:attachment":[{"href":"https:\/\/kauppa.rsparks.fi\/en\/wp-json\/wp\/v2\/media?parent=2886"}],"curies":[{"name":"wp","href":"https:\/\/api.w.org\/{rel}","templated":true}]}}