{"id":25694,"date":"2020-10-13T12:06:24","date_gmt":"2020-10-13T09:06:24","guid":{"rendered":"https:\/\/rsparks.fi\/kauppa\/juggle-dream-big-top-bearing-diabolo\/"},"modified":"2021-12-27T11:34:21","modified_gmt":"2021-12-27T09:34:21","slug":"juggle-dream-big-top-bearing-diabolo","status":"publish","type":"product","link":"https:\/\/kauppa.rsparks.fi\/en\/shop\/juggle-dream-big-top-bearing-diabolo\/","title":{"rendered":"Juggle Dream Big Top Bearing Diabolo"},"content":{"rendered":"<h1 class=\"page-title\"><span class=\"base\" data-ui-id=\"page-title-wrapper\">Juggle Dream Big Top Bearing Diabolo<\/span><\/h1>\n<p>Big Top Bearing Diabolo is a great value for the bucks big <strong>bearing<\/strong> diabolo. It suits well for beginner and intermediate players.<\/p>\n<p>Bearing diabolos are also known as one-way clutch diabolos. You can only spin the Big Top diabolo in one direction, so it is\u00a0 easier to learn with. Especially it is much easier to get the diabolo spinning really fast as you can wrap the string a couple of times round the axle without fear of tangles.<\/p>\n<p>&nbsp;<\/p>\n<p>There are a few downsides on bearing diabolo, which you should know.<\/p>\n<p>1. Unlike fixed axle diabolos the axle will need replacing once the bearings wear out.<\/p>\n<p>2. Elevator tricks (magic string climb) are impossible with it.<\/p>\n<p>&nbsp;<\/p>\n<p>The Big Top has a wide axle making it great for stick and finger grinds. The large cups make this diabolo very stable. The Big Top is made from from touch, scratch-resistant plastic the cups can handle drops from high throws and at high speed<\/p>\n<p>&nbsp;<\/p>\n<p><strong>NOTE: Package comes only with diabolo. You need to buy sticks and string separately.<\/strong><\/p>\n<h2>Benefits<\/h2>\n<ul>\n<li>Bearing axel\n<ul>\n<li>Easy to spin fast<\/li>\n<\/ul>\n<\/li>\n<li>Durable soft cups<\/li>\n<li>Big stable cups<\/li>\n<\/ul>\n<h2>Product data<\/h2>\n<ul>\n<li><strong>Size<\/strong> | Big<\/li>\n<li><strong>Diameter<\/strong> | 129 mm<\/li>\n<li><strong>Width<\/strong> | 145 mm<\/li>\n<li><strong>Weight<\/strong> | 298 g<\/li>\n<li><strong>Made in<\/strong> | China<\/li>\n<\/ul>\n","protected":false},"excerpt":{"rendered":"<p>Big Top Bearing Diabolo is a great value for the bucks big <strong>bearing<\/strong> diabolo. It suits well for beginner and intermediate players.<\/p>\n<p>&nbsp;<\/p>\n<p><strong>HUOMIO pakkaus sis\u00e4lt\u00e4\u00e4 pelk\u00e4n Diabolon. Tilaa kepit ja naru erikseen.<\/strong><\/p>\n<h2><\/h2>\n","protected":false},"featured_media":25682,"comment_status":"closed","ping_status":"closed","template":"","meta":{"_acf_changed":false},"product_brand":[241],"product_cat":[218],"product_tag":[],"class_list":{"0":"post-25694","1":"product","2":"type-product","3":"status-publish","4":"has-post-thumbnail","6":"product_brand-jungle-dream-en","7":"product_cat-learn-new-circus-skills-at-home","9":"first","10":"instock","11":"taxable","12":"shipping-taxable","13":"purchasable","14":"product-type-variable"},"bundled_by":[],"bundle_stock_status":"instock","bundle_stock_quantity":null,"bundle_virtual":false,"bundle_layout":"","bundle_add_to_cart_form_location":"","bundle_editable_in_cart":false,"bundle_sold_individually_context":"","bundle_item_grouping":"","bundle_min_size":"","bundle_max_size":"","bundle_price":[],"bundled_items":[],"bundle_sell_ids":[21834],"supplier_id":null,"supplier_sku":"","barcode":null,"atum_controlled":true,"out_stock_date":null,"out_stock_threshold":null,"inheritable":true,"inbound_stock":0,"stock_on_hold":0,"sold_today":0,"sales_last_days":0,"reserved_stock":0,"customer_returns":0,"warehouse_damage":0,"lost_in_post":0,"other_logs":0,"out_stock_days":0,"lost_sales":0,"has_location":false,"update_date":"2026-04-29T00:29:41","atum_locations":[],"atum_stock_status":"instock","restock_status":false,"low_stock_amount":"","sales_update_date":"2026-04-29T00:29:41","calc_backorders":null,"acf":[],"yoast_head":"<!-- This site is optimized with the Yoast SEO plugin v26.8 - https:\/\/yoast.com\/product\/yoast-seo-wordpress\/ -->\n<title>Juggle Dream Big Top Bearing Diabolo &#8211; RS Parks<\/title>\n<meta name=\"description\" content=\"Big Top Bearing Diabolo is a great value for the bucks big bearing diabolo. It suits well for beginner and intermediate players.\" \/>\n<meta name=\"robots\" content=\"index, follow, max-snippet:-1, max-image-preview:large, max-video-preview:-1\" \/>\n<link rel=\"canonical\" href=\"https:\/\/kauppa.rsparks.fi\/en\/shop\/juggle-dream-big-top-bearing-diabolo\/\" \/>\n<meta property=\"og:locale\" content=\"en_US\" \/>\n<meta property=\"og:type\" content=\"article\" \/>\n<meta property=\"og:title\" content=\"Juggle Dream Big Top Bearing Diabolo &#8211; RS Parks\" \/>\n<meta property=\"og:description\" content=\"Big Top Bearing Diabolo is a great value for the bucks big bearing diabolo. It suits well for beginner and intermediate players.\" \/>\n<meta property=\"og:url\" content=\"https:\/\/kauppa.rsparks.fi\/en\/shop\/juggle-dream-big-top-bearing-diabolo\/\" \/>\n<meta property=\"og:site_name\" content=\"RS Parks\" \/>\n<meta property=\"article:modified_time\" content=\"2021-12-27T09:34:21+00:00\" \/>\n<meta property=\"og:image\" content=\"https:\/\/kauppa.rsparks.fi\/wp-content\/uploads\/Juggle-Dream-Big-Top-Bearing-diabolo.png\" \/>\n\t<meta property=\"og:image:width\" content=\"1200\" \/>\n\t<meta property=\"og:image:height\" content=\"675\" \/>\n\t<meta property=\"og:image:type\" content=\"image\/png\" \/>\n<meta name=\"twitter:card\" content=\"summary_large_image\" \/>\n<script type=\"application\/ld+json\" class=\"yoast-schema-graph\">{\"@context\":\"https:\/\/schema.org\",\"@graph\":[{\"@type\":\"WebPage\",\"@id\":\"https:\/\/kauppa.rsparks.fi\/en\/shop\/juggle-dream-big-top-bearing-diabolo\/\",\"url\":\"https:\/\/kauppa.rsparks.fi\/en\/shop\/juggle-dream-big-top-bearing-diabolo\/\",\"name\":\"Juggle Dream Big Top Bearing Diabolo &#8211; RS Parks\",\"isPartOf\":{\"@id\":\"https:\/\/kauppa.rsparks.fi\/en\/#website\"},\"primaryImageOfPage\":{\"@id\":\"https:\/\/kauppa.rsparks.fi\/en\/shop\/juggle-dream-big-top-bearing-diabolo\/#primaryimage\"},\"image\":{\"@id\":\"https:\/\/kauppa.rsparks.fi\/en\/shop\/juggle-dream-big-top-bearing-diabolo\/#primaryimage\"},\"thumbnailUrl\":\"https:\/\/kauppa.rsparks.fi\/wp-content\/uploads\/Juggle-Dream-Big-Top-Bearing-diabolo.png\",\"datePublished\":\"2020-10-13T09:06:24+00:00\",\"dateModified\":\"2021-12-27T09:34:21+00:00\",\"description\":\"Big Top Bearing Diabolo is a great value for the bucks big bearing diabolo. It suits well for beginner and intermediate players.\",\"breadcrumb\":{\"@id\":\"https:\/\/kauppa.rsparks.fi\/en\/shop\/juggle-dream-big-top-bearing-diabolo\/#breadcrumb\"},\"inLanguage\":\"en-us\",\"potentialAction\":[{\"@type\":\"ReadAction\",\"target\":[\"https:\/\/kauppa.rsparks.fi\/en\/shop\/juggle-dream-big-top-bearing-diabolo\/\"]}]},{\"@type\":\"ImageObject\",\"inLanguage\":\"en-us\",\"@id\":\"https:\/\/kauppa.rsparks.fi\/en\/shop\/juggle-dream-big-top-bearing-diabolo\/#primaryimage\",\"url\":\"https:\/\/kauppa.rsparks.fi\/wp-content\/uploads\/Juggle-Dream-Big-Top-Bearing-diabolo.png\",\"contentUrl\":\"https:\/\/kauppa.rsparks.fi\/wp-content\/uploads\/Juggle-Dream-Big-Top-Bearing-diabolo.png\",\"width\":1200,\"height\":675,\"caption\":\"Juggle-Dream-Big-Top-Bearing-diabolo\"},{\"@type\":\"BreadcrumbList\",\"@id\":\"https:\/\/kauppa.rsparks.fi\/en\/shop\/juggle-dream-big-top-bearing-diabolo\/#breadcrumb\",\"itemListElement\":[{\"@type\":\"ListItem\",\"position\":1,\"name\":\"Home\",\"item\":\"https:\/\/kauppa.rsparks.fi\/en\/shop\/\"},{\"@type\":\"ListItem\",\"position\":2,\"name\":\"Shop\",\"item\":\"https:\/\/kauppa.rsparks.fi\/en\/shop\/\"},{\"@type\":\"ListItem\",\"position\":3,\"name\":\"Juggle Dream Big Top Bearing Diabolo\"}]},{\"@type\":\"WebSite\",\"@id\":\"https:\/\/kauppa.rsparks.fi\/en\/#website\",\"url\":\"https:\/\/kauppa.rsparks.fi\/en\/\",\"name\":\"RS Parks\",\"description\":\"Getting better everyday! Skill training equipment and facilities by RS Parks.\",\"publisher\":{\"@id\":\"https:\/\/kauppa.rsparks.fi\/en\/#organization\"},\"potentialAction\":[{\"@type\":\"SearchAction\",\"target\":{\"@type\":\"EntryPoint\",\"urlTemplate\":\"https:\/\/kauppa.rsparks.fi\/en\/?s={search_term_string}\"},\"query-input\":{\"@type\":\"PropertyValueSpecification\",\"valueRequired\":true,\"valueName\":\"search_term_string\"}}],\"inLanguage\":\"en-us\"},{\"@type\":\"Organization\",\"@id\":\"https:\/\/kauppa.rsparks.fi\/en\/#organization\",\"name\":\"RS Parks Oy\",\"url\":\"https:\/\/kauppa.rsparks.fi\/en\/\",\"logo\":{\"@type\":\"ImageObject\",\"inLanguage\":\"en-us\",\"@id\":\"https:\/\/kauppa.rsparks.fi\/en\/#\/schema\/logo\/image\/\",\"url\":\"https:\/\/kauppa.rsparks.fi\/wp-content\/uploads\/RS-Park-logo-pieni-1.png\",\"contentUrl\":\"https:\/\/kauppa.rsparks.fi\/wp-content\/uploads\/RS-Park-logo-pieni-1.png\",\"width\":100,\"height\":100,\"caption\":\"RS Parks Oy\"},\"image\":{\"@id\":\"https:\/\/kauppa.rsparks.fi\/en\/#\/schema\/logo\/image\/\"}}]}<\/script>\n<!-- \/ Yoast SEO plugin. -->","yoast_head_json":{"title":"Juggle Dream Big Top Bearing Diabolo &#8211; RS Parks","description":"Big Top Bearing Diabolo is a great value for the bucks big bearing diabolo. It suits well for beginner and intermediate players.","robots":{"index":"index","follow":"follow","max-snippet":"max-snippet:-1","max-image-preview":"max-image-preview:large","max-video-preview":"max-video-preview:-1"},"canonical":"https:\/\/kauppa.rsparks.fi\/en\/shop\/juggle-dream-big-top-bearing-diabolo\/","og_locale":"en_US","og_type":"article","og_title":"Juggle Dream Big Top Bearing Diabolo &#8211; RS Parks","og_description":"Big Top Bearing Diabolo is a great value for the bucks big bearing diabolo. It suits well for beginner and intermediate players.","og_url":"https:\/\/kauppa.rsparks.fi\/en\/shop\/juggle-dream-big-top-bearing-diabolo\/","og_site_name":"RS Parks","article_modified_time":"2021-12-27T09:34:21+00:00","og_image":[{"width":1200,"height":675,"url":"https:\/\/kauppa.rsparks.fi\/wp-content\/uploads\/Juggle-Dream-Big-Top-Bearing-diabolo.png","type":"image\/png"}],"twitter_card":"summary_large_image","schema":{"@context":"https:\/\/schema.org","@graph":[{"@type":"WebPage","@id":"https:\/\/kauppa.rsparks.fi\/en\/shop\/juggle-dream-big-top-bearing-diabolo\/","url":"https:\/\/kauppa.rsparks.fi\/en\/shop\/juggle-dream-big-top-bearing-diabolo\/","name":"Juggle Dream Big Top Bearing Diabolo &#8211; RS Parks","isPartOf":{"@id":"https:\/\/kauppa.rsparks.fi\/en\/#website"},"primaryImageOfPage":{"@id":"https:\/\/kauppa.rsparks.fi\/en\/shop\/juggle-dream-big-top-bearing-diabolo\/#primaryimage"},"image":{"@id":"https:\/\/kauppa.rsparks.fi\/en\/shop\/juggle-dream-big-top-bearing-diabolo\/#primaryimage"},"thumbnailUrl":"https:\/\/kauppa.rsparks.fi\/wp-content\/uploads\/Juggle-Dream-Big-Top-Bearing-diabolo.png","datePublished":"2020-10-13T09:06:24+00:00","dateModified":"2021-12-27T09:34:21+00:00","description":"Big Top Bearing Diabolo is a great value for the bucks big bearing diabolo. It suits well for beginner and intermediate players.","breadcrumb":{"@id":"https:\/\/kauppa.rsparks.fi\/en\/shop\/juggle-dream-big-top-bearing-diabolo\/#breadcrumb"},"inLanguage":"en-us","potentialAction":[{"@type":"ReadAction","target":["https:\/\/kauppa.rsparks.fi\/en\/shop\/juggle-dream-big-top-bearing-diabolo\/"]}]},{"@type":"ImageObject","inLanguage":"en-us","@id":"https:\/\/kauppa.rsparks.fi\/en\/shop\/juggle-dream-big-top-bearing-diabolo\/#primaryimage","url":"https:\/\/kauppa.rsparks.fi\/wp-content\/uploads\/Juggle-Dream-Big-Top-Bearing-diabolo.png","contentUrl":"https:\/\/kauppa.rsparks.fi\/wp-content\/uploads\/Juggle-Dream-Big-Top-Bearing-diabolo.png","width":1200,"height":675,"caption":"Juggle-Dream-Big-Top-Bearing-diabolo"},{"@type":"BreadcrumbList","@id":"https:\/\/kauppa.rsparks.fi\/en\/shop\/juggle-dream-big-top-bearing-diabolo\/#breadcrumb","itemListElement":[{"@type":"ListItem","position":1,"name":"Home","item":"https:\/\/kauppa.rsparks.fi\/en\/shop\/"},{"@type":"ListItem","position":2,"name":"Shop","item":"https:\/\/kauppa.rsparks.fi\/en\/shop\/"},{"@type":"ListItem","position":3,"name":"Juggle Dream Big Top Bearing Diabolo"}]},{"@type":"WebSite","@id":"https:\/\/kauppa.rsparks.fi\/en\/#website","url":"https:\/\/kauppa.rsparks.fi\/en\/","name":"RS Parks","description":"Getting better everyday! Skill training equipment and facilities by RS Parks.","publisher":{"@id":"https:\/\/kauppa.rsparks.fi\/en\/#organization"},"potentialAction":[{"@type":"SearchAction","target":{"@type":"EntryPoint","urlTemplate":"https:\/\/kauppa.rsparks.fi\/en\/?s={search_term_string}"},"query-input":{"@type":"PropertyValueSpecification","valueRequired":true,"valueName":"search_term_string"}}],"inLanguage":"en-us"},{"@type":"Organization","@id":"https:\/\/kauppa.rsparks.fi\/en\/#organization","name":"RS Parks Oy","url":"https:\/\/kauppa.rsparks.fi\/en\/","logo":{"@type":"ImageObject","inLanguage":"en-us","@id":"https:\/\/kauppa.rsparks.fi\/en\/#\/schema\/logo\/image\/","url":"https:\/\/kauppa.rsparks.fi\/wp-content\/uploads\/RS-Park-logo-pieni-1.png","contentUrl":"https:\/\/kauppa.rsparks.fi\/wp-content\/uploads\/RS-Park-logo-pieni-1.png","width":100,"height":100,"caption":"RS Parks Oy"},"image":{"@id":"https:\/\/kauppa.rsparks.fi\/en\/#\/schema\/logo\/image\/"}}]}},"_links":{"self":[{"href":"https:\/\/kauppa.rsparks.fi\/en\/wp-json\/wp\/v2\/product\/25694","targetHints":{"allow":["GET"]}}],"collection":[{"href":"https:\/\/kauppa.rsparks.fi\/en\/wp-json\/wp\/v2\/product"}],"about":[{"href":"https:\/\/kauppa.rsparks.fi\/en\/wp-json\/wp\/v2\/types\/product"}],"replies":[{"embeddable":true,"href":"https:\/\/kauppa.rsparks.fi\/en\/wp-json\/wp\/v2\/comments?post=25694"}],"wp:featuredmedia":[{"embeddable":true,"href":"https:\/\/kauppa.rsparks.fi\/en\/wp-json\/wp\/v2\/media\/25682"}],"wp:attachment":[{"href":"https:\/\/kauppa.rsparks.fi\/en\/wp-json\/wp\/v2\/media?parent=25694"}],"wp:term":[{"taxonomy":"product_brand","embeddable":true,"href":"https:\/\/kauppa.rsparks.fi\/en\/wp-json\/wp\/v2\/product_brand?post=25694"},{"taxonomy":"product_cat","embeddable":true,"href":"https:\/\/kauppa.rsparks.fi\/en\/wp-json\/wp\/v2\/product_cat?post=25694"},{"taxonomy":"product_tag","embeddable":true,"href":"https:\/\/kauppa.rsparks.fi\/en\/wp-json\/wp\/v2\/product_tag?post=25694"}],"curies":[{"name":"wp","href":"https:\/\/api.w.org\/{rel}","templated":true}]}}