{"id":30421,"date":"2021-05-18T11:46:08","date_gmt":"2021-05-18T08:46:09","guid":{"rendered":"https:\/\/rsparks.fi\/?post_type=product&#038;p=30421"},"modified":"2026-04-15T11:15:28","modified_gmt":"2026-04-15T08:15:28","slug":"switch-boards-trampoline-board-95","status":"publish","type":"product","link":"https:\/\/kauppa.rsparks.fi\/en\/shop\/switch-boards-trampoline-board-95\/","title":{"rendered":"Switch Boards &#8211; Trampoline Board  95"},"content":{"rendered":"<h1>Switch Boards &#8211; Trampoline board 95<\/h1>\n<p>Switch Trampoline Board is an improved version of the standard trampoline board. It\u2019s a bit shorter, which makes it easier for younger users to learn new tricks. This board is dedicated especially for beginners. It guarantees the best development of skills from the basics. Higher Rocker Makes You Stand Out Even Higher, Thinner Tails Make It Easier To Train Presses, Thicker EVA Foam And Linear Glass Reinforcement Increasing Life Of The Board.<\/p>\n<p>&nbsp;<\/p>\n<p>T\u00e4m\u00e4 lauta on uudistunut versio, jossa on tehty paljon uudistuksia. Uusi lauta on hieman aikaisempaa lyhyempi, mik\u00e4 tekee laudasta n\u00e4pp\u00e4r\u00e4mm\u00e4n ja sopivamman my\u00f6s pienemmille k\u00e4ytt\u00e4jille. Profiili on aikaisempaa enemm\u00e4 rocker, mik\u00e4 tekee hyppimisest\u00e4 tramoliinilla tehokkaampaa. Laudan keula ja per\u00e4 on ohennettu mahdollistaen nopeamman py\u00f6rimisen ja paremmat pressit. Laudan pohja foami on aikaisemapaa paksumpi ja lautaan ion lis\u00e4tty uusi kerros lasikuitua, mik\u00e4 lis\u00e4\u00e4 entisest\u00e4\u00e4n kest\u00e4vyytt\u00e4.<\/p>\n<div style=\"width: 1024px;\" class=\"wp-video\"><!--[if lt IE 9]><script>document.createElement('video');<\/script><![endif]-->\n<video class=\"wp-video-shortcode\" id=\"video-30421-1\" width=\"1024\" height=\"1280\" preload=\"metadata\" controls=\"controls\"><source type=\"video\/mp4\" src=\"https:\/\/kauppa.rsparks.fi\/files\/uploads\/Switch-boards-trampoline-board.mp4?_=1\" \/><a href=\"https:\/\/kauppa.rsparks.fi\/files\/uploads\/Switch-boards-trampoline-board.mp4\">https:\/\/kauppa.rsparks.fi\/files\/uploads\/Switch-boards-trampoline-board.mp4<\/a><\/video><\/div>\n<h2><strong>Product data<\/strong><\/h2>\n<ul>\n<li>length: 95 cm<\/li>\n<li>width: 24 cm<\/li>\n<li>weight: 1,3 kg<\/li>\n<li>recommended user max weight: 75 kg<\/li>\n<li>Stance: 31cm \u2013 55cm<\/li>\n<li><span style=\"font-size: 1rem;\">Made in Poland<\/span><\/li>\n<\/ul>\n","protected":false},"excerpt":{"rendered":"<p>Trampoline Board made by Switch Boards is great tool for practising your tricks like grabs, spins, flips on trampoline. The board is suitable for jumping on the trampoline, but you can also practise rail tricks on a <a href=\"https:\/\/kauppa.rsparks.fi\/kauppa\/switch-boards-jibbing-bar\/\">Jibbing Bar<\/a>.<\/p>\n<p>The package do not included bindings.<\/p>\n","protected":false},"featured_media":30427,"comment_status":"closed","ping_status":"closed","template":"","meta":{"_acf_changed":false},"product_brand":[174],"product_cat":[172,470],"product_tag":[114,115,126],"class_list":{"0":"post-30421","1":"product","2":"type-product","3":"status-publish","4":"has-post-thumbnail","6":"product_brand-switch-board-en","7":"product_cat-freestyle-training","8":"product_cat-trampoline-boards","9":"product_tag-lautailu-en","10":"product_tag-lumilauta-en","11":"product_tag-trampolin","13":"first","14":"instock","15":"taxable","16":"shipping-taxable","17":"purchasable","18":"product-type-simple"},"bundled_by":[],"bundle_stock_status":"instock","bundle_stock_quantity":3,"bundle_virtual":false,"bundle_layout":"","bundle_add_to_cart_form_location":"","bundle_editable_in_cart":false,"bundle_sold_individually_context":"","bundle_item_grouping":"","bundle_min_size":"","bundle_max_size":"","bundle_price":[],"bundled_items":[],"bundle_sell_ids":[19595,4128,20176],"supplier_id":null,"supplier_sku":"","barcode":null,"atum_controlled":true,"out_stock_date":null,"out_stock_threshold":null,"inheritable":false,"inbound_stock":0,"stock_on_hold":0,"sold_today":1,"sales_last_days":1,"reserved_stock":0,"customer_returns":0,"warehouse_damage":0,"lost_in_post":0,"other_logs":0,"out_stock_days":0,"lost_sales":0,"has_location":false,"update_date":"2026-04-17T05:47:09","atum_locations":[],"atum_stock_status":"instock","restock_status":false,"low_stock_amount":"","sales_update_date":"2026-04-17T05:47:09","calc_backorders":null,"acf":[],"yoast_head":"<!-- This site is optimized with the Yoast SEO plugin v26.8 - https:\/\/yoast.com\/product\/yoast-seo-wordpress\/ -->\n<title>Switch Boards - Trampoline Board 95 &#8211; RS Parks<\/title>\n<meta name=\"description\" content=\"Trampoline Board made by Switch Boards is great tool for practising your tricks like grabs, spins, flips on trampoline.\" \/>\n<meta name=\"robots\" content=\"index, follow, max-snippet:-1, max-image-preview:large, max-video-preview:-1\" \/>\n<link rel=\"canonical\" href=\"https:\/\/kauppa.rsparks.fi\/en\/shop\/switch-boards-trampoline-board-95\/\" \/>\n<meta property=\"og:locale\" content=\"en_US\" \/>\n<meta property=\"og:type\" content=\"article\" \/>\n<meta property=\"og:title\" content=\"Switch Boards - Trampoline Board 95 &#8211; RS Parks\" \/>\n<meta property=\"og:description\" content=\"Trampoline Board made by Switch Boards is great tool for practising your tricks like grabs, spins, flips on trampoline.\" \/>\n<meta property=\"og:url\" content=\"https:\/\/kauppa.rsparks.fi\/en\/shop\/switch-boards-trampoline-board-95\/\" \/>\n<meta property=\"og:site_name\" content=\"RS Parks\" \/>\n<meta property=\"article:modified_time\" content=\"2026-04-15T08:15:28+00:00\" \/>\n<meta property=\"og:image\" content=\"https:\/\/kauppa.rsparks.fi\/wp-content\/uploads\/Switch-boards-trampoline-board-95-abstart-trampoliinilauta.png\" \/>\n\t<meta property=\"og:image:width\" content=\"1200\" \/>\n\t<meta property=\"og:image:height\" content=\"675\" \/>\n\t<meta property=\"og:image:type\" content=\"image\/png\" \/>\n<meta name=\"twitter:card\" content=\"summary_large_image\" \/>\n<script type=\"application\/ld+json\" class=\"yoast-schema-graph\">{\"@context\":\"https:\/\/schema.org\",\"@graph\":[{\"@type\":\"WebPage\",\"@id\":\"https:\/\/kauppa.rsparks.fi\/en\/shop\/switch-boards-trampoline-board-95\/\",\"url\":\"https:\/\/kauppa.rsparks.fi\/en\/shop\/switch-boards-trampoline-board-95\/\",\"name\":\"Switch Boards - Trampoline Board 95 &#8211; RS Parks\",\"isPartOf\":{\"@id\":\"https:\/\/kauppa.rsparks.fi\/en\/#website\"},\"primaryImageOfPage\":{\"@id\":\"https:\/\/kauppa.rsparks.fi\/en\/shop\/switch-boards-trampoline-board-95\/#primaryimage\"},\"image\":{\"@id\":\"https:\/\/kauppa.rsparks.fi\/en\/shop\/switch-boards-trampoline-board-95\/#primaryimage\"},\"thumbnailUrl\":\"https:\/\/kauppa.rsparks.fi\/wp-content\/uploads\/Switch-boards-trampoline-board-95-abstart-trampoliinilauta.png\",\"datePublished\":\"2021-05-18T08:46:09+00:00\",\"dateModified\":\"2026-04-15T08:15:28+00:00\",\"description\":\"Trampoline Board made by Switch Boards is great tool for practising your tricks like grabs, spins, flips on trampoline.\",\"breadcrumb\":{\"@id\":\"https:\/\/kauppa.rsparks.fi\/en\/shop\/switch-boards-trampoline-board-95\/#breadcrumb\"},\"inLanguage\":\"en-us\",\"potentialAction\":[{\"@type\":\"ReadAction\",\"target\":[\"https:\/\/kauppa.rsparks.fi\/en\/shop\/switch-boards-trampoline-board-95\/\"]}]},{\"@type\":\"ImageObject\",\"inLanguage\":\"en-us\",\"@id\":\"https:\/\/kauppa.rsparks.fi\/en\/shop\/switch-boards-trampoline-board-95\/#primaryimage\",\"url\":\"https:\/\/kauppa.rsparks.fi\/wp-content\/uploads\/Switch-boards-trampoline-board-95-abstart-trampoliinilauta.png\",\"contentUrl\":\"https:\/\/kauppa.rsparks.fi\/wp-content\/uploads\/Switch-boards-trampoline-board-95-abstart-trampoliinilauta.png\",\"width\":1200,\"height\":675,\"caption\":\"Switch boards trampoline board 95 abstract trampoliinilauta\"},{\"@type\":\"BreadcrumbList\",\"@id\":\"https:\/\/kauppa.rsparks.fi\/en\/shop\/switch-boards-trampoline-board-95\/#breadcrumb\",\"itemListElement\":[{\"@type\":\"ListItem\",\"position\":1,\"name\":\"Home\",\"item\":\"https:\/\/kauppa.rsparks.fi\/en\/shop\/\"},{\"@type\":\"ListItem\",\"position\":2,\"name\":\"Shop\",\"item\":\"https:\/\/kauppa.rsparks.fi\/en\/shop\/\"},{\"@type\":\"ListItem\",\"position\":3,\"name\":\"Switch Boards &#8211; Trampoline Board 95\"}]},{\"@type\":\"WebSite\",\"@id\":\"https:\/\/kauppa.rsparks.fi\/en\/#website\",\"url\":\"https:\/\/kauppa.rsparks.fi\/en\/\",\"name\":\"RS Parks\",\"description\":\"Getting better everyday! Skill training equipment and facilities by RS Parks.\",\"publisher\":{\"@id\":\"https:\/\/kauppa.rsparks.fi\/en\/#organization\"},\"potentialAction\":[{\"@type\":\"SearchAction\",\"target\":{\"@type\":\"EntryPoint\",\"urlTemplate\":\"https:\/\/kauppa.rsparks.fi\/en\/?s={search_term_string}\"},\"query-input\":{\"@type\":\"PropertyValueSpecification\",\"valueRequired\":true,\"valueName\":\"search_term_string\"}}],\"inLanguage\":\"en-us\"},{\"@type\":\"Organization\",\"@id\":\"https:\/\/kauppa.rsparks.fi\/en\/#organization\",\"name\":\"RS Parks Oy\",\"url\":\"https:\/\/kauppa.rsparks.fi\/en\/\",\"logo\":{\"@type\":\"ImageObject\",\"inLanguage\":\"en-us\",\"@id\":\"https:\/\/kauppa.rsparks.fi\/en\/#\/schema\/logo\/image\/\",\"url\":\"https:\/\/kauppa.rsparks.fi\/wp-content\/uploads\/RS-Park-logo-pieni-1.png\",\"contentUrl\":\"https:\/\/kauppa.rsparks.fi\/wp-content\/uploads\/RS-Park-logo-pieni-1.png\",\"width\":100,\"height\":100,\"caption\":\"RS Parks Oy\"},\"image\":{\"@id\":\"https:\/\/kauppa.rsparks.fi\/en\/#\/schema\/logo\/image\/\"}}]}<\/script>\n<!-- \/ Yoast SEO plugin. -->","yoast_head_json":{"title":"Switch Boards - Trampoline Board 95 &#8211; RS Parks","description":"Trampoline Board made by Switch Boards is great tool for practising your tricks like grabs, spins, flips on trampoline.","robots":{"index":"index","follow":"follow","max-snippet":"max-snippet:-1","max-image-preview":"max-image-preview:large","max-video-preview":"max-video-preview:-1"},"canonical":"https:\/\/kauppa.rsparks.fi\/en\/shop\/switch-boards-trampoline-board-95\/","og_locale":"en_US","og_type":"article","og_title":"Switch Boards - Trampoline Board 95 &#8211; RS Parks","og_description":"Trampoline Board made by Switch Boards is great tool for practising your tricks like grabs, spins, flips on trampoline.","og_url":"https:\/\/kauppa.rsparks.fi\/en\/shop\/switch-boards-trampoline-board-95\/","og_site_name":"RS Parks","article_modified_time":"2026-04-15T08:15:28+00:00","og_image":[{"width":1200,"height":675,"url":"https:\/\/kauppa.rsparks.fi\/wp-content\/uploads\/Switch-boards-trampoline-board-95-abstart-trampoliinilauta.png","type":"image\/png"}],"twitter_card":"summary_large_image","schema":{"@context":"https:\/\/schema.org","@graph":[{"@type":"WebPage","@id":"https:\/\/kauppa.rsparks.fi\/en\/shop\/switch-boards-trampoline-board-95\/","url":"https:\/\/kauppa.rsparks.fi\/en\/shop\/switch-boards-trampoline-board-95\/","name":"Switch Boards - Trampoline Board 95 &#8211; RS Parks","isPartOf":{"@id":"https:\/\/kauppa.rsparks.fi\/en\/#website"},"primaryImageOfPage":{"@id":"https:\/\/kauppa.rsparks.fi\/en\/shop\/switch-boards-trampoline-board-95\/#primaryimage"},"image":{"@id":"https:\/\/kauppa.rsparks.fi\/en\/shop\/switch-boards-trampoline-board-95\/#primaryimage"},"thumbnailUrl":"https:\/\/kauppa.rsparks.fi\/wp-content\/uploads\/Switch-boards-trampoline-board-95-abstart-trampoliinilauta.png","datePublished":"2021-05-18T08:46:09+00:00","dateModified":"2026-04-15T08:15:28+00:00","description":"Trampoline Board made by Switch Boards is great tool for practising your tricks like grabs, spins, flips on trampoline.","breadcrumb":{"@id":"https:\/\/kauppa.rsparks.fi\/en\/shop\/switch-boards-trampoline-board-95\/#breadcrumb"},"inLanguage":"en-us","potentialAction":[{"@type":"ReadAction","target":["https:\/\/kauppa.rsparks.fi\/en\/shop\/switch-boards-trampoline-board-95\/"]}]},{"@type":"ImageObject","inLanguage":"en-us","@id":"https:\/\/kauppa.rsparks.fi\/en\/shop\/switch-boards-trampoline-board-95\/#primaryimage","url":"https:\/\/kauppa.rsparks.fi\/wp-content\/uploads\/Switch-boards-trampoline-board-95-abstart-trampoliinilauta.png","contentUrl":"https:\/\/kauppa.rsparks.fi\/wp-content\/uploads\/Switch-boards-trampoline-board-95-abstart-trampoliinilauta.png","width":1200,"height":675,"caption":"Switch boards trampoline board 95 abstract trampoliinilauta"},{"@type":"BreadcrumbList","@id":"https:\/\/kauppa.rsparks.fi\/en\/shop\/switch-boards-trampoline-board-95\/#breadcrumb","itemListElement":[{"@type":"ListItem","position":1,"name":"Home","item":"https:\/\/kauppa.rsparks.fi\/en\/shop\/"},{"@type":"ListItem","position":2,"name":"Shop","item":"https:\/\/kauppa.rsparks.fi\/en\/shop\/"},{"@type":"ListItem","position":3,"name":"Switch Boards &#8211; Trampoline Board 95"}]},{"@type":"WebSite","@id":"https:\/\/kauppa.rsparks.fi\/en\/#website","url":"https:\/\/kauppa.rsparks.fi\/en\/","name":"RS Parks","description":"Getting better everyday! Skill training equipment and facilities by RS Parks.","publisher":{"@id":"https:\/\/kauppa.rsparks.fi\/en\/#organization"},"potentialAction":[{"@type":"SearchAction","target":{"@type":"EntryPoint","urlTemplate":"https:\/\/kauppa.rsparks.fi\/en\/?s={search_term_string}"},"query-input":{"@type":"PropertyValueSpecification","valueRequired":true,"valueName":"search_term_string"}}],"inLanguage":"en-us"},{"@type":"Organization","@id":"https:\/\/kauppa.rsparks.fi\/en\/#organization","name":"RS Parks Oy","url":"https:\/\/kauppa.rsparks.fi\/en\/","logo":{"@type":"ImageObject","inLanguage":"en-us","@id":"https:\/\/kauppa.rsparks.fi\/en\/#\/schema\/logo\/image\/","url":"https:\/\/kauppa.rsparks.fi\/wp-content\/uploads\/RS-Park-logo-pieni-1.png","contentUrl":"https:\/\/kauppa.rsparks.fi\/wp-content\/uploads\/RS-Park-logo-pieni-1.png","width":100,"height":100,"caption":"RS Parks Oy"},"image":{"@id":"https:\/\/kauppa.rsparks.fi\/en\/#\/schema\/logo\/image\/"}}]}},"_links":{"self":[{"href":"https:\/\/kauppa.rsparks.fi\/en\/wp-json\/wp\/v2\/product\/30421","targetHints":{"allow":["GET"]}}],"collection":[{"href":"https:\/\/kauppa.rsparks.fi\/en\/wp-json\/wp\/v2\/product"}],"about":[{"href":"https:\/\/kauppa.rsparks.fi\/en\/wp-json\/wp\/v2\/types\/product"}],"replies":[{"embeddable":true,"href":"https:\/\/kauppa.rsparks.fi\/en\/wp-json\/wp\/v2\/comments?post=30421"}],"wp:featuredmedia":[{"embeddable":true,"href":"https:\/\/kauppa.rsparks.fi\/en\/wp-json\/wp\/v2\/media\/30427"}],"wp:attachment":[{"href":"https:\/\/kauppa.rsparks.fi\/en\/wp-json\/wp\/v2\/media?parent=30421"}],"wp:term":[{"taxonomy":"product_brand","embeddable":true,"href":"https:\/\/kauppa.rsparks.fi\/en\/wp-json\/wp\/v2\/product_brand?post=30421"},{"taxonomy":"product_cat","embeddable":true,"href":"https:\/\/kauppa.rsparks.fi\/en\/wp-json\/wp\/v2\/product_cat?post=30421"},{"taxonomy":"product_tag","embeddable":true,"href":"https:\/\/kauppa.rsparks.fi\/en\/wp-json\/wp\/v2\/product_tag?post=30421"}],"curies":[{"name":"wp","href":"https:\/\/api.w.org\/{rel}","templated":true}]}}