{"id":36462,"date":"2023-03-16T11:57:44","date_gmt":"2023-03-16T09:57:44","guid":{"rendered":"https:\/\/rsparks.fi\/?post_type=product&#038;p=36462"},"modified":"2026-02-17T10:46:36","modified_gmt":"2026-02-17T08:46:36","slug":"prodigy-aerial-swivel-small-round","status":"publish","type":"product","link":"https:\/\/kauppa.rsparks.fi\/en\/shop\/prodigy-aerial-swivel-small-round\/","title":{"rendered":"Prodigy Aerial Swivel &#8211; Small Round"},"content":{"rendered":"<h1 id=\"tw-target-text\" class=\"tw-data-text tw-text-large tw-ta\" dir=\"ltr\" data-placeholder=\"K\u00e4\u00e4nn\u00f6s\"><span class=\"Y2IQFc\" lang=\"en\">Prodigy Aerial Swivel &#8211; Small Round <\/span><\/h1>\n<p class=\"tw-data-text tw-text-large tw-ta\" dir=\"ltr\" data-placeholder=\"K\u00e4\u00e4nn\u00f6s\"><span class=\"Y2IQFc\" lang=\"en\">This small swivel swivel has a tensile strength of 30 kN, which is more than usual for this size. The small swivel made by Prodigy withstands all necessary personal protective equipment and climbing standards and is CE marked. A classic swivel design, the two halves of the frame are machined aluminum and the core is stainless steel, along with ball bearings to ensure smooth rotation. Thanks to aluminum, it maintains its low weight of 74 g and the length of the device is only 7 cm.<\/span><\/p>\n","protected":false},"excerpt":{"rendered":"<p><span class=\"Y2IQFc\" lang=\"en\">The small swivel made by Prodigy withstands all necessary personal protective equipment and climbing standards and is CE marked. A classic swivel design, the two halves of the frame are machined aluminum and the core is stainless steel, along with ball bearings to ensure smooth rotation.<\/span><\/p>\n","protected":false},"featured_media":42082,"comment_status":"closed","ping_status":"closed","template":"","meta":{"_acf_changed":false},"product_brand":[263],"product_cat":[218],"product_tag":[],"class_list":{"0":"post-36462","1":"product","2":"type-product","3":"status-publish","4":"has-post-thumbnail","6":"product_brand-firetoys-en","7":"product_cat-learn-new-circus-skills-at-home","9":"first","10":"instock","11":"taxable","12":"shipping-taxable","13":"purchasable","14":"product-type-simple"},"bundled_by":[],"bundle_stock_status":"instock","bundle_stock_quantity":4,"bundle_virtual":false,"bundle_layout":"","bundle_add_to_cart_form_location":"","bundle_editable_in_cart":false,"bundle_sold_individually_context":"","bundle_item_grouping":"","bundle_min_size":"","bundle_max_size":"","bundle_price":[],"bundled_items":[],"bundle_sell_ids":[],"supplier_id":null,"supplier_sku":"","barcode":null,"atum_controlled":true,"out_stock_date":null,"out_stock_threshold":null,"inheritable":false,"inbound_stock":0,"stock_on_hold":0,"sold_today":0,"sales_last_days":0,"reserved_stock":0,"customer_returns":0,"warehouse_damage":0,"lost_in_post":0,"other_logs":0,"out_stock_days":0,"lost_sales":0,"has_location":false,"update_date":"2026-04-21T00:20:55","atum_locations":[],"atum_stock_status":"instock","restock_status":false,"low_stock_amount":"","sales_update_date":"2026-04-21T00:20:55","calc_backorders":null,"acf":[],"yoast_head":"<!-- This site is optimized with the Yoast SEO plugin v26.8 - https:\/\/yoast.com\/product\/yoast-seo-wordpress\/ -->\n<title>Prodigy Aerial Swivel - Small Round &#8211; RS Parks<\/title>\n<meta name=\"description\" content=\"The small swivel made by Prodigy withstands all necessary personal protective equipment and climbing standards and is CE marked. A classic swivel design, the two halves of the frame are machined aluminum and the core is stainless steel, along with ball bearings to ensure smooth rotation.\" \/>\n<meta name=\"robots\" content=\"index, follow, max-snippet:-1, max-image-preview:large, max-video-preview:-1\" \/>\n<link rel=\"canonical\" href=\"https:\/\/kauppa.rsparks.fi\/en\/shop\/prodigy-aerial-swivel-small-round\/\" \/>\n<meta property=\"og:locale\" content=\"en_US\" \/>\n<meta property=\"og:type\" content=\"article\" \/>\n<meta property=\"og:title\" content=\"Prodigy Aerial Swivel - Small Round &#8211; RS Parks\" \/>\n<meta property=\"og:description\" content=\"The small swivel made by Prodigy withstands all necessary personal protective equipment and climbing standards and is CE marked. A classic swivel design, the two halves of the frame are machined aluminum and the core is stainless steel, along with ball bearings to ensure smooth rotation.\" \/>\n<meta property=\"og:url\" content=\"https:\/\/kauppa.rsparks.fi\/en\/shop\/prodigy-aerial-swivel-small-round\/\" \/>\n<meta property=\"og:site_name\" content=\"RS Parks\" \/>\n<meta property=\"article:modified_time\" content=\"2026-02-17T08:46:36+00:00\" \/>\n<meta property=\"og:image\" content=\"https:\/\/kauppa.rsparks.fi\/wp-content\/uploads\/prodigy-aerial-swivel.png\" \/>\n\t<meta property=\"og:image:width\" content=\"1812\" \/>\n\t<meta property=\"og:image:height\" content=\"1019\" \/>\n\t<meta property=\"og:image:type\" content=\"image\/png\" \/>\n<meta name=\"twitter:card\" content=\"summary_large_image\" \/>\n<script type=\"application\/ld+json\" class=\"yoast-schema-graph\">{\"@context\":\"https:\/\/schema.org\",\"@graph\":[{\"@type\":\"WebPage\",\"@id\":\"https:\/\/kauppa.rsparks.fi\/en\/shop\/prodigy-aerial-swivel-small-round\/\",\"url\":\"https:\/\/kauppa.rsparks.fi\/en\/shop\/prodigy-aerial-swivel-small-round\/\",\"name\":\"Prodigy Aerial Swivel - Small Round &#8211; RS Parks\",\"isPartOf\":{\"@id\":\"https:\/\/kauppa.rsparks.fi\/en\/#website\"},\"primaryImageOfPage\":{\"@id\":\"https:\/\/kauppa.rsparks.fi\/en\/shop\/prodigy-aerial-swivel-small-round\/#primaryimage\"},\"image\":{\"@id\":\"https:\/\/kauppa.rsparks.fi\/en\/shop\/prodigy-aerial-swivel-small-round\/#primaryimage\"},\"thumbnailUrl\":\"https:\/\/kauppa.rsparks.fi\/wp-content\/uploads\/Prodigy-SR-2-Small-Aerial-Swivel.png\",\"datePublished\":\"2023-03-16T09:57:44+00:00\",\"dateModified\":\"2026-02-17T08:46:36+00:00\",\"description\":\"The small swivel made by Prodigy withstands all necessary personal protective equipment and climbing standards and is CE marked. A classic swivel design, the two halves of the frame are machined aluminum and the core is stainless steel, along with ball bearings to ensure smooth rotation.\",\"breadcrumb\":{\"@id\":\"https:\/\/kauppa.rsparks.fi\/en\/shop\/prodigy-aerial-swivel-small-round\/#breadcrumb\"},\"inLanguage\":\"en-us\",\"potentialAction\":[{\"@type\":\"ReadAction\",\"target\":[\"https:\/\/kauppa.rsparks.fi\/en\/shop\/prodigy-aerial-swivel-small-round\/\"]}]},{\"@type\":\"ImageObject\",\"inLanguage\":\"en-us\",\"@id\":\"https:\/\/kauppa.rsparks.fi\/en\/shop\/prodigy-aerial-swivel-small-round\/#primaryimage\",\"url\":\"https:\/\/kauppa.rsparks.fi\/wp-content\/uploads\/Prodigy-SR-2-Small-Aerial-Swivel.png\",\"contentUrl\":\"https:\/\/kauppa.rsparks.fi\/wp-content\/uploads\/Prodigy-SR-2-Small-Aerial-Swivel.png\",\"width\":2000,\"height\":1125,\"caption\":\"Prodigy-SR-2-Small-Aerial-Swivel.\"},{\"@type\":\"BreadcrumbList\",\"@id\":\"https:\/\/kauppa.rsparks.fi\/en\/shop\/prodigy-aerial-swivel-small-round\/#breadcrumb\",\"itemListElement\":[{\"@type\":\"ListItem\",\"position\":1,\"name\":\"Home\",\"item\":\"https:\/\/kauppa.rsparks.fi\/en\/shop\/\"},{\"@type\":\"ListItem\",\"position\":2,\"name\":\"Shop\",\"item\":\"https:\/\/kauppa.rsparks.fi\/en\/shop\/\"},{\"@type\":\"ListItem\",\"position\":3,\"name\":\"Prodigy Aerial Swivel &#8211; Small Round\"}]},{\"@type\":\"WebSite\",\"@id\":\"https:\/\/kauppa.rsparks.fi\/en\/#website\",\"url\":\"https:\/\/kauppa.rsparks.fi\/en\/\",\"name\":\"RS Parks\",\"description\":\"Getting better everyday! Skill training equipment and facilities by RS Parks.\",\"publisher\":{\"@id\":\"https:\/\/kauppa.rsparks.fi\/en\/#organization\"},\"potentialAction\":[{\"@type\":\"SearchAction\",\"target\":{\"@type\":\"EntryPoint\",\"urlTemplate\":\"https:\/\/kauppa.rsparks.fi\/en\/?s={search_term_string}\"},\"query-input\":{\"@type\":\"PropertyValueSpecification\",\"valueRequired\":true,\"valueName\":\"search_term_string\"}}],\"inLanguage\":\"en-us\"},{\"@type\":\"Organization\",\"@id\":\"https:\/\/kauppa.rsparks.fi\/en\/#organization\",\"name\":\"RS Parks Oy\",\"url\":\"https:\/\/kauppa.rsparks.fi\/en\/\",\"logo\":{\"@type\":\"ImageObject\",\"inLanguage\":\"en-us\",\"@id\":\"https:\/\/kauppa.rsparks.fi\/en\/#\/schema\/logo\/image\/\",\"url\":\"https:\/\/kauppa.rsparks.fi\/wp-content\/uploads\/RS-Park-logo-pieni-1.png\",\"contentUrl\":\"https:\/\/kauppa.rsparks.fi\/wp-content\/uploads\/RS-Park-logo-pieni-1.png\",\"width\":100,\"height\":100,\"caption\":\"RS Parks Oy\"},\"image\":{\"@id\":\"https:\/\/kauppa.rsparks.fi\/en\/#\/schema\/logo\/image\/\"}}]}<\/script>\n<!-- \/ Yoast SEO plugin. -->","yoast_head_json":{"title":"Prodigy Aerial Swivel - Small Round &#8211; RS Parks","description":"The small swivel made by Prodigy withstands all necessary personal protective equipment and climbing standards and is CE marked. A classic swivel design, the two halves of the frame are machined aluminum and the core is stainless steel, along with ball bearings to ensure smooth rotation.","robots":{"index":"index","follow":"follow","max-snippet":"max-snippet:-1","max-image-preview":"max-image-preview:large","max-video-preview":"max-video-preview:-1"},"canonical":"https:\/\/kauppa.rsparks.fi\/en\/shop\/prodigy-aerial-swivel-small-round\/","og_locale":"en_US","og_type":"article","og_title":"Prodigy Aerial Swivel - Small Round &#8211; RS Parks","og_description":"The small swivel made by Prodigy withstands all necessary personal protective equipment and climbing standards and is CE marked. A classic swivel design, the two halves of the frame are machined aluminum and the core is stainless steel, along with ball bearings to ensure smooth rotation.","og_url":"https:\/\/kauppa.rsparks.fi\/en\/shop\/prodigy-aerial-swivel-small-round\/","og_site_name":"RS Parks","article_modified_time":"2026-02-17T08:46:36+00:00","og_image":[{"width":1812,"height":1019,"url":"https:\/\/kauppa.rsparks.fi\/wp-content\/uploads\/prodigy-aerial-swivel.png","type":"image\/png"}],"twitter_card":"summary_large_image","schema":{"@context":"https:\/\/schema.org","@graph":[{"@type":"WebPage","@id":"https:\/\/kauppa.rsparks.fi\/en\/shop\/prodigy-aerial-swivel-small-round\/","url":"https:\/\/kauppa.rsparks.fi\/en\/shop\/prodigy-aerial-swivel-small-round\/","name":"Prodigy Aerial Swivel - Small Round &#8211; RS Parks","isPartOf":{"@id":"https:\/\/kauppa.rsparks.fi\/en\/#website"},"primaryImageOfPage":{"@id":"https:\/\/kauppa.rsparks.fi\/en\/shop\/prodigy-aerial-swivel-small-round\/#primaryimage"},"image":{"@id":"https:\/\/kauppa.rsparks.fi\/en\/shop\/prodigy-aerial-swivel-small-round\/#primaryimage"},"thumbnailUrl":"https:\/\/kauppa.rsparks.fi\/wp-content\/uploads\/Prodigy-SR-2-Small-Aerial-Swivel.png","datePublished":"2023-03-16T09:57:44+00:00","dateModified":"2026-02-17T08:46:36+00:00","description":"The small swivel made by Prodigy withstands all necessary personal protective equipment and climbing standards and is CE marked. A classic swivel design, the two halves of the frame are machined aluminum and the core is stainless steel, along with ball bearings to ensure smooth rotation.","breadcrumb":{"@id":"https:\/\/kauppa.rsparks.fi\/en\/shop\/prodigy-aerial-swivel-small-round\/#breadcrumb"},"inLanguage":"en-us","potentialAction":[{"@type":"ReadAction","target":["https:\/\/kauppa.rsparks.fi\/en\/shop\/prodigy-aerial-swivel-small-round\/"]}]},{"@type":"ImageObject","inLanguage":"en-us","@id":"https:\/\/kauppa.rsparks.fi\/en\/shop\/prodigy-aerial-swivel-small-round\/#primaryimage","url":"https:\/\/kauppa.rsparks.fi\/wp-content\/uploads\/Prodigy-SR-2-Small-Aerial-Swivel.png","contentUrl":"https:\/\/kauppa.rsparks.fi\/wp-content\/uploads\/Prodigy-SR-2-Small-Aerial-Swivel.png","width":2000,"height":1125,"caption":"Prodigy-SR-2-Small-Aerial-Swivel."},{"@type":"BreadcrumbList","@id":"https:\/\/kauppa.rsparks.fi\/en\/shop\/prodigy-aerial-swivel-small-round\/#breadcrumb","itemListElement":[{"@type":"ListItem","position":1,"name":"Home","item":"https:\/\/kauppa.rsparks.fi\/en\/shop\/"},{"@type":"ListItem","position":2,"name":"Shop","item":"https:\/\/kauppa.rsparks.fi\/en\/shop\/"},{"@type":"ListItem","position":3,"name":"Prodigy Aerial Swivel &#8211; Small Round"}]},{"@type":"WebSite","@id":"https:\/\/kauppa.rsparks.fi\/en\/#website","url":"https:\/\/kauppa.rsparks.fi\/en\/","name":"RS Parks","description":"Getting better everyday! Skill training equipment and facilities by RS Parks.","publisher":{"@id":"https:\/\/kauppa.rsparks.fi\/en\/#organization"},"potentialAction":[{"@type":"SearchAction","target":{"@type":"EntryPoint","urlTemplate":"https:\/\/kauppa.rsparks.fi\/en\/?s={search_term_string}"},"query-input":{"@type":"PropertyValueSpecification","valueRequired":true,"valueName":"search_term_string"}}],"inLanguage":"en-us"},{"@type":"Organization","@id":"https:\/\/kauppa.rsparks.fi\/en\/#organization","name":"RS Parks Oy","url":"https:\/\/kauppa.rsparks.fi\/en\/","logo":{"@type":"ImageObject","inLanguage":"en-us","@id":"https:\/\/kauppa.rsparks.fi\/en\/#\/schema\/logo\/image\/","url":"https:\/\/kauppa.rsparks.fi\/wp-content\/uploads\/RS-Park-logo-pieni-1.png","contentUrl":"https:\/\/kauppa.rsparks.fi\/wp-content\/uploads\/RS-Park-logo-pieni-1.png","width":100,"height":100,"caption":"RS Parks Oy"},"image":{"@id":"https:\/\/kauppa.rsparks.fi\/en\/#\/schema\/logo\/image\/"}}]}},"_links":{"self":[{"href":"https:\/\/kauppa.rsparks.fi\/en\/wp-json\/wp\/v2\/product\/36462","targetHints":{"allow":["GET"]}}],"collection":[{"href":"https:\/\/kauppa.rsparks.fi\/en\/wp-json\/wp\/v2\/product"}],"about":[{"href":"https:\/\/kauppa.rsparks.fi\/en\/wp-json\/wp\/v2\/types\/product"}],"replies":[{"embeddable":true,"href":"https:\/\/kauppa.rsparks.fi\/en\/wp-json\/wp\/v2\/comments?post=36462"}],"wp:featuredmedia":[{"embeddable":true,"href":"https:\/\/kauppa.rsparks.fi\/en\/wp-json\/wp\/v2\/media\/42082"}],"wp:attachment":[{"href":"https:\/\/kauppa.rsparks.fi\/en\/wp-json\/wp\/v2\/media?parent=36462"}],"wp:term":[{"taxonomy":"product_brand","embeddable":true,"href":"https:\/\/kauppa.rsparks.fi\/en\/wp-json\/wp\/v2\/product_brand?post=36462"},{"taxonomy":"product_cat","embeddable":true,"href":"https:\/\/kauppa.rsparks.fi\/en\/wp-json\/wp\/v2\/product_cat?post=36462"},{"taxonomy":"product_tag","embeddable":true,"href":"https:\/\/kauppa.rsparks.fi\/en\/wp-json\/wp\/v2\/product_tag?post=36462"}],"curies":[{"name":"wp","href":"https:\/\/api.w.org\/{rel}","templated":true}]}}