{"id":36600,"date":"2023-03-23T14:22:28","date_gmt":"2023-03-23T12:22:28","guid":{"rendered":"https:\/\/rsparks.fi\/?post_type=product&#038;p=36600"},"modified":"2025-10-08T11:42:37","modified_gmt":"2025-10-08T08:42:37","slug":"gan-356-i-carry-bluetooth-3x3","status":"publish","type":"product","link":"https:\/\/kauppa.rsparks.fi\/en\/shop\/gan-356-i-carry-bluetooth-3x3\/","title":{"rendered":"GAN 356 i Carry Bluetooth 3&#215;3"},"content":{"rendered":"<h1 id=\"tw-target-text\" class=\"tw-data-text tw-text-large tw-ta\" dir=\"ltr\" data-placeholder=\"K\u00e4\u00e4nn\u00f6s\"><span class=\"Y2IQFc\" lang=\"en\">GAN 356 i Carry Bluetooth 3&#215;3 <\/span><\/h1>\n<p class=\"tw-data-text tw-text-large tw-ta\" dir=\"ltr\" data-placeholder=\"K\u00e4\u00e4nn\u00f6s\"><span class=\"Y2IQFc\" lang=\"en\">GAN 356 i Carry Bluetooth 3&#215;3 is a new, Bluetooth speed cube from GAN! The i Carry has improved performance comparable to the 2020 flagship, the GAN 11 M Pro, and the replaceable battery concept is super convenient! The i Carry does not have a gyroscope that would enable tracking of movements. Bluetooth function Connect your GAN cube to the Cube Station app on your phone via Bluetooth and enjoy many cool features! The Cube Station app gives you statistics based on solving times and different exercises. In addition, you can track how you fare in relation to other solvers around the world and much more! Download Cube Station for iOS or Android. <\/span><\/p>\n<h2 class=\"tw-data-text tw-text-large tw-ta\" dir=\"ltr\" data-placeholder=\"K\u00e4\u00e4nn\u00f6s\"><span class=\"Y2IQFc\" lang=\"en\">Battery replacement: <\/span><\/h2>\n<p class=\"tw-data-text tw-text-large tw-ta\" dir=\"ltr\" data-placeholder=\"K\u00e4\u00e4nn\u00f6s\"><span class=\"Y2IQFc\" lang=\"en\">GAN advertises that the pre-installed battery lasts 280 hours before needing to be replaced. <\/span><\/p>\n<h2 class=\"tw-data-text tw-text-large tw-ta\" dir=\"ltr\" data-placeholder=\"K\u00e4\u00e4nn\u00f6s\"><span class=\"Y2IQFc\" lang=\"en\">The package contains: <\/span><\/h2>\n<p class=\"tw-data-text tw-text-large tw-ta\" dir=\"ltr\" data-placeholder=\"K\u00e4\u00e4nn\u00f6s\"><span class=\"Y2IQFc\" lang=\"en\">GAN 356 i Carry Bluetooth 3&#215;3 Storage box Cube bag CFOP algorithms and 2 sets of tightening nuts Springs for adjustable feel.<\/span><\/p>\n","protected":false},"excerpt":{"rendered":"<p>GAN 356 i Carry Bluetooth 3&#215;3 is a new, Bluetooth speed cube from GAN!<\/p>\n","protected":false},"featured_media":36616,"comment_status":"closed","ping_status":"closed","template":"","meta":{"_acf_changed":false},"product_brand":[],"product_cat":[433,632],"product_tag":[],"class_list":{"0":"post-36600","1":"product","2":"type-product","3":"status-publish","4":"has-post-thumbnail","6":"product_cat-skill-toys","7":"product_cat-twisting-puzzles","9":"first","10":"outofstock","11":"sale","12":"taxable","13":"shipping-taxable","14":"purchasable","15":"product-type-simple"},"bundled_by":[],"bundle_stock_status":"outofstock","bundle_stock_quantity":0,"bundle_virtual":false,"bundle_layout":"","bundle_add_to_cart_form_location":"","bundle_editable_in_cart":false,"bundle_sold_individually_context":"","bundle_item_grouping":"","bundle_min_size":"","bundle_max_size":"","bundle_price":[],"bundled_items":[],"bundle_sell_ids":[],"supplier_id":null,"supplier_sku":"","barcode":null,"atum_controlled":true,"out_stock_date":"2025-12-22 00:49:44","out_stock_threshold":null,"inheritable":false,"inbound_stock":0,"stock_on_hold":0,"sold_today":0,"sales_last_days":0,"reserved_stock":0,"customer_returns":0,"warehouse_damage":0,"lost_in_post":0,"other_logs":0,"out_stock_days":101,"lost_sales":0,"has_location":false,"update_date":"2026-04-03T00:05:49","atum_locations":[],"atum_stock_status":"outofstock","restock_status":false,"low_stock_amount":"","sales_update_date":"2026-04-03T00:05:49","calc_backorders":null,"acf":[],"yoast_head":"<!-- This site is optimized with the Yoast SEO plugin v26.8 - https:\/\/yoast.com\/product\/yoast-seo-wordpress\/ -->\n<title>GAN 356 i Carry Bluetooth 3x3 &#8211; RS Parks<\/title>\n<meta name=\"description\" content=\"GAN 356 i Carry Bluetooth 3x3 is a new, Bluetooth speed cube from GAN!\" \/>\n<meta name=\"robots\" content=\"index, follow, max-snippet:-1, max-image-preview:large, max-video-preview:-1\" \/>\n<link rel=\"canonical\" href=\"https:\/\/kauppa.rsparks.fi\/en\/shop\/gan-356-i-carry-bluetooth-3x3\/\" \/>\n<meta property=\"og:locale\" content=\"en_US\" \/>\n<meta property=\"og:type\" content=\"article\" \/>\n<meta property=\"og:title\" content=\"GAN 356 i Carry Bluetooth 3x3 &#8211; RS Parks\" \/>\n<meta property=\"og:description\" content=\"GAN 356 i Carry Bluetooth 3x3 is a new, Bluetooth speed cube from GAN!\" \/>\n<meta property=\"og:url\" content=\"https:\/\/kauppa.rsparks.fi\/en\/shop\/gan-356-i-carry-bluetooth-3x3\/\" \/>\n<meta property=\"og:site_name\" content=\"RS Parks\" \/>\n<meta property=\"article:modified_time\" content=\"2025-10-08T08:42:37+00:00\" \/>\n<meta property=\"og:image\" content=\"https:\/\/kauppa.rsparks.fi\/wp-content\/uploads\/GAN-356-i-Carry.png\" \/>\n\t<meta property=\"og:image:width\" content=\"1812\" \/>\n\t<meta property=\"og:image:height\" content=\"1019\" \/>\n\t<meta property=\"og:image:type\" content=\"image\/png\" \/>\n<meta name=\"twitter:card\" content=\"summary_large_image\" \/>\n<script type=\"application\/ld+json\" class=\"yoast-schema-graph\">{\"@context\":\"https:\/\/schema.org\",\"@graph\":[{\"@type\":\"WebPage\",\"@id\":\"https:\/\/kauppa.rsparks.fi\/en\/shop\/gan-356-i-carry-bluetooth-3x3\/\",\"url\":\"https:\/\/kauppa.rsparks.fi\/en\/shop\/gan-356-i-carry-bluetooth-3x3\/\",\"name\":\"GAN 356 i Carry Bluetooth 3x3 &#8211; RS Parks\",\"isPartOf\":{\"@id\":\"https:\/\/kauppa.rsparks.fi\/en\/#website\"},\"primaryImageOfPage\":{\"@id\":\"https:\/\/kauppa.rsparks.fi\/en\/shop\/gan-356-i-carry-bluetooth-3x3\/#primaryimage\"},\"image\":{\"@id\":\"https:\/\/kauppa.rsparks.fi\/en\/shop\/gan-356-i-carry-bluetooth-3x3\/#primaryimage\"},\"thumbnailUrl\":\"https:\/\/kauppa.rsparks.fi\/wp-content\/uploads\/GAN-356-i-Carry.png\",\"datePublished\":\"2023-03-23T12:22:28+00:00\",\"dateModified\":\"2025-10-08T08:42:37+00:00\",\"description\":\"GAN 356 i Carry Bluetooth 3x3 is a new, Bluetooth speed cube from GAN!\",\"breadcrumb\":{\"@id\":\"https:\/\/kauppa.rsparks.fi\/en\/shop\/gan-356-i-carry-bluetooth-3x3\/#breadcrumb\"},\"inLanguage\":\"en-us\",\"potentialAction\":[{\"@type\":\"ReadAction\",\"target\":[\"https:\/\/kauppa.rsparks.fi\/en\/shop\/gan-356-i-carry-bluetooth-3x3\/\"]}]},{\"@type\":\"ImageObject\",\"inLanguage\":\"en-us\",\"@id\":\"https:\/\/kauppa.rsparks.fi\/en\/shop\/gan-356-i-carry-bluetooth-3x3\/#primaryimage\",\"url\":\"https:\/\/kauppa.rsparks.fi\/wp-content\/uploads\/GAN-356-i-Carry.png\",\"contentUrl\":\"https:\/\/kauppa.rsparks.fi\/wp-content\/uploads\/GAN-356-i-Carry.png\",\"width\":1812,\"height\":1019,\"caption\":\"GAN 356 i Carry\"},{\"@type\":\"BreadcrumbList\",\"@id\":\"https:\/\/kauppa.rsparks.fi\/en\/shop\/gan-356-i-carry-bluetooth-3x3\/#breadcrumb\",\"itemListElement\":[{\"@type\":\"ListItem\",\"position\":1,\"name\":\"Home\",\"item\":\"https:\/\/kauppa.rsparks.fi\/en\/shop\/\"},{\"@type\":\"ListItem\",\"position\":2,\"name\":\"Shop\",\"item\":\"https:\/\/kauppa.rsparks.fi\/en\/shop\/\"},{\"@type\":\"ListItem\",\"position\":3,\"name\":\"GAN 356 i Carry Bluetooth 3&#215;3\"}]},{\"@type\":\"WebSite\",\"@id\":\"https:\/\/kauppa.rsparks.fi\/en\/#website\",\"url\":\"https:\/\/kauppa.rsparks.fi\/en\/\",\"name\":\"RS Parks\",\"description\":\"Getting better everyday! Skill training equipment and facilities by RS Parks.\",\"publisher\":{\"@id\":\"https:\/\/kauppa.rsparks.fi\/en\/#organization\"},\"potentialAction\":[{\"@type\":\"SearchAction\",\"target\":{\"@type\":\"EntryPoint\",\"urlTemplate\":\"https:\/\/kauppa.rsparks.fi\/en\/?s={search_term_string}\"},\"query-input\":{\"@type\":\"PropertyValueSpecification\",\"valueRequired\":true,\"valueName\":\"search_term_string\"}}],\"inLanguage\":\"en-us\"},{\"@type\":\"Organization\",\"@id\":\"https:\/\/kauppa.rsparks.fi\/en\/#organization\",\"name\":\"RS Parks Oy\",\"url\":\"https:\/\/kauppa.rsparks.fi\/en\/\",\"logo\":{\"@type\":\"ImageObject\",\"inLanguage\":\"en-us\",\"@id\":\"https:\/\/kauppa.rsparks.fi\/en\/#\/schema\/logo\/image\/\",\"url\":\"https:\/\/kauppa.rsparks.fi\/wp-content\/uploads\/RS-Park-logo-pieni-1.png\",\"contentUrl\":\"https:\/\/kauppa.rsparks.fi\/wp-content\/uploads\/RS-Park-logo-pieni-1.png\",\"width\":100,\"height\":100,\"caption\":\"RS Parks Oy\"},\"image\":{\"@id\":\"https:\/\/kauppa.rsparks.fi\/en\/#\/schema\/logo\/image\/\"}}]}<\/script>\n<!-- \/ Yoast SEO plugin. -->","yoast_head_json":{"title":"GAN 356 i Carry Bluetooth 3x3 &#8211; RS Parks","description":"GAN 356 i Carry Bluetooth 3x3 is a new, Bluetooth speed cube from GAN!","robots":{"index":"index","follow":"follow","max-snippet":"max-snippet:-1","max-image-preview":"max-image-preview:large","max-video-preview":"max-video-preview:-1"},"canonical":"https:\/\/kauppa.rsparks.fi\/en\/shop\/gan-356-i-carry-bluetooth-3x3\/","og_locale":"en_US","og_type":"article","og_title":"GAN 356 i Carry Bluetooth 3x3 &#8211; RS Parks","og_description":"GAN 356 i Carry Bluetooth 3x3 is a new, Bluetooth speed cube from GAN!","og_url":"https:\/\/kauppa.rsparks.fi\/en\/shop\/gan-356-i-carry-bluetooth-3x3\/","og_site_name":"RS Parks","article_modified_time":"2025-10-08T08:42:37+00:00","og_image":[{"width":1812,"height":1019,"url":"https:\/\/kauppa.rsparks.fi\/wp-content\/uploads\/GAN-356-i-Carry.png","type":"image\/png"}],"twitter_card":"summary_large_image","schema":{"@context":"https:\/\/schema.org","@graph":[{"@type":"WebPage","@id":"https:\/\/kauppa.rsparks.fi\/en\/shop\/gan-356-i-carry-bluetooth-3x3\/","url":"https:\/\/kauppa.rsparks.fi\/en\/shop\/gan-356-i-carry-bluetooth-3x3\/","name":"GAN 356 i Carry Bluetooth 3x3 &#8211; RS Parks","isPartOf":{"@id":"https:\/\/kauppa.rsparks.fi\/en\/#website"},"primaryImageOfPage":{"@id":"https:\/\/kauppa.rsparks.fi\/en\/shop\/gan-356-i-carry-bluetooth-3x3\/#primaryimage"},"image":{"@id":"https:\/\/kauppa.rsparks.fi\/en\/shop\/gan-356-i-carry-bluetooth-3x3\/#primaryimage"},"thumbnailUrl":"https:\/\/kauppa.rsparks.fi\/wp-content\/uploads\/GAN-356-i-Carry.png","datePublished":"2023-03-23T12:22:28+00:00","dateModified":"2025-10-08T08:42:37+00:00","description":"GAN 356 i Carry Bluetooth 3x3 is a new, Bluetooth speed cube from GAN!","breadcrumb":{"@id":"https:\/\/kauppa.rsparks.fi\/en\/shop\/gan-356-i-carry-bluetooth-3x3\/#breadcrumb"},"inLanguage":"en-us","potentialAction":[{"@type":"ReadAction","target":["https:\/\/kauppa.rsparks.fi\/en\/shop\/gan-356-i-carry-bluetooth-3x3\/"]}]},{"@type":"ImageObject","inLanguage":"en-us","@id":"https:\/\/kauppa.rsparks.fi\/en\/shop\/gan-356-i-carry-bluetooth-3x3\/#primaryimage","url":"https:\/\/kauppa.rsparks.fi\/wp-content\/uploads\/GAN-356-i-Carry.png","contentUrl":"https:\/\/kauppa.rsparks.fi\/wp-content\/uploads\/GAN-356-i-Carry.png","width":1812,"height":1019,"caption":"GAN 356 i Carry"},{"@type":"BreadcrumbList","@id":"https:\/\/kauppa.rsparks.fi\/en\/shop\/gan-356-i-carry-bluetooth-3x3\/#breadcrumb","itemListElement":[{"@type":"ListItem","position":1,"name":"Home","item":"https:\/\/kauppa.rsparks.fi\/en\/shop\/"},{"@type":"ListItem","position":2,"name":"Shop","item":"https:\/\/kauppa.rsparks.fi\/en\/shop\/"},{"@type":"ListItem","position":3,"name":"GAN 356 i Carry Bluetooth 3&#215;3"}]},{"@type":"WebSite","@id":"https:\/\/kauppa.rsparks.fi\/en\/#website","url":"https:\/\/kauppa.rsparks.fi\/en\/","name":"RS Parks","description":"Getting better everyday! Skill training equipment and facilities by RS Parks.","publisher":{"@id":"https:\/\/kauppa.rsparks.fi\/en\/#organization"},"potentialAction":[{"@type":"SearchAction","target":{"@type":"EntryPoint","urlTemplate":"https:\/\/kauppa.rsparks.fi\/en\/?s={search_term_string}"},"query-input":{"@type":"PropertyValueSpecification","valueRequired":true,"valueName":"search_term_string"}}],"inLanguage":"en-us"},{"@type":"Organization","@id":"https:\/\/kauppa.rsparks.fi\/en\/#organization","name":"RS Parks Oy","url":"https:\/\/kauppa.rsparks.fi\/en\/","logo":{"@type":"ImageObject","inLanguage":"en-us","@id":"https:\/\/kauppa.rsparks.fi\/en\/#\/schema\/logo\/image\/","url":"https:\/\/kauppa.rsparks.fi\/wp-content\/uploads\/RS-Park-logo-pieni-1.png","contentUrl":"https:\/\/kauppa.rsparks.fi\/wp-content\/uploads\/RS-Park-logo-pieni-1.png","width":100,"height":100,"caption":"RS Parks Oy"},"image":{"@id":"https:\/\/kauppa.rsparks.fi\/en\/#\/schema\/logo\/image\/"}}]}},"_links":{"self":[{"href":"https:\/\/kauppa.rsparks.fi\/en\/wp-json\/wp\/v2\/product\/36600","targetHints":{"allow":["GET"]}}],"collection":[{"href":"https:\/\/kauppa.rsparks.fi\/en\/wp-json\/wp\/v2\/product"}],"about":[{"href":"https:\/\/kauppa.rsparks.fi\/en\/wp-json\/wp\/v2\/types\/product"}],"replies":[{"embeddable":true,"href":"https:\/\/kauppa.rsparks.fi\/en\/wp-json\/wp\/v2\/comments?post=36600"}],"wp:featuredmedia":[{"embeddable":true,"href":"https:\/\/kauppa.rsparks.fi\/en\/wp-json\/wp\/v2\/media\/36616"}],"wp:attachment":[{"href":"https:\/\/kauppa.rsparks.fi\/en\/wp-json\/wp\/v2\/media?parent=36600"}],"wp:term":[{"taxonomy":"product_brand","embeddable":true,"href":"https:\/\/kauppa.rsparks.fi\/en\/wp-json\/wp\/v2\/product_brand?post=36600"},{"taxonomy":"product_cat","embeddable":true,"href":"https:\/\/kauppa.rsparks.fi\/en\/wp-json\/wp\/v2\/product_cat?post=36600"},{"taxonomy":"product_tag","embeddable":true,"href":"https:\/\/kauppa.rsparks.fi\/en\/wp-json\/wp\/v2\/product_tag?post=36600"}],"curies":[{"name":"wp","href":"https:\/\/api.w.org\/{rel}","templated":true}]}}