{"id":36624,"date":"2023-03-23T17:49:07","date_gmt":"2023-03-23T15:49:07","guid":{"rendered":"https:\/\/rsparks.fi\/?post_type=product&#038;p=36624"},"modified":"2025-10-12T12:58:50","modified_gmt":"2025-10-12T09:58:50","slug":"moyu-rs3m-magnetic","status":"publish","type":"product","link":"https:\/\/kauppa.rsparks.fi\/en\/shop\/moyu-rs3m-magnetic\/","title":{"rendered":"Moyu RS3M Magnetic"},"content":{"rendered":"<h1 id=\"tw-target-text\" class=\"tw-data-text tw-text-large tw-ta\" dir=\"ltr\" data-placeholder=\"K\u00e4\u00e4nn\u00f6s\"><span class=\"Y2IQFc\" lang=\"en\">MoYu Super RS3M Magnetic <\/span><\/h1>\n<p class=\"tw-data-text tw-text-large tw-ta\" dir=\"ltr\" data-placeholder=\"K\u00e4\u00e4nn\u00f6s\"><span class=\"Y2IQFc\" lang=\"en\">The MoYu Super RS3 M 3&#215;3 Magnetic is the long-awaited 2022 update to the best-selling RS3 M 2020 speed cube. It is rumored to be at least as popular as its predecessor! <\/span><\/p>\n<p class=\"tw-data-text tw-text-large tw-ta\" dir=\"ltr\" data-placeholder=\"K\u00e4\u00e4nn\u00f6s\"><span class=\"Y2IQFc\" lang=\"en\">Key features: <\/span><\/p>\n<ul>\n<li class=\"tw-data-text tw-text-large tw-ta\" dir=\"ltr\" data-placeholder=\"K\u00e4\u00e4nn\u00f6s\"><span class=\"Y2IQFc\" lang=\"en\">35 degree auto alignment (Ball-Core version) <\/span><\/li>\n<li class=\"tw-data-text tw-text-large tw-ta\" dir=\"ltr\" data-placeholder=\"K\u00e4\u00e4nn\u00f6s\"><span class=\"Y2IQFc\" lang=\"en\">&#8220;MagLev&#8221; magnetic repulsion technology (MagLev &amp; Ball-Core versions) <\/span><\/li>\n<li class=\"tw-data-text tw-text-large tw-ta\" dir=\"ltr\" data-placeholder=\"K\u00e4\u00e4nn\u00f6s\"><span class=\"Y2IQFc\" lang=\"en\">No springs required (MagLev and Ball-Core versions) <\/span><\/li>\n<li class=\"tw-data-text tw-text-large tw-ta\" dir=\"ltr\" data-placeholder=\"K\u00e4\u00e4nn\u00f6s\"><span class=\"Y2IQFc\" lang=\"en\">Double adjustment system (9 settings) <\/span><\/li>\n<li class=\"tw-data-text tw-text-large tw-ta\" dir=\"ltr\" data-placeholder=\"K\u00e4\u00e4nn\u00f6s\"><span class=\"Y2IQFc\" lang=\"en\">Glossy exterior <\/span><\/li>\n<li class=\"tw-data-text tw-text-large tw-ta\" dir=\"ltr\" data-placeholder=\"K\u00e4\u00e4nn\u00f6s\"><span class=\"Y2IQFc\" lang=\"en\">&#8220;Dragon scale&#8221; body design for smoother turning <\/span><\/li>\n<\/ul>\n<p><span class=\"Y2IQFc\" lang=\"en\">Overview: <\/span><\/p>\n<ul>\n<li><span class=\"Y2IQFc\" lang=\"en\">Customizable emotion <\/span><\/li>\n<li><span class=\"Y2IQFc\" lang=\"en\">Light, easy to turn <\/span><\/li>\n<\/ul>\n<p><span class=\"Y2IQFc\" lang=\"en\">Included accessories: <\/span><\/p>\n<ul>\n<li><span class=\"Y2IQFc\" lang=\"en\">Dual adjustment tool <\/span><\/li>\n<li><span class=\"Y2IQFc\" lang=\"en\">Screwdriver <\/span><\/li>\n<li><span class=\"Y2IQFc\" lang=\"en\">Display box<\/span><\/li>\n<li><span class=\"Y2IQFc\" lang=\"en\">Spare part for double adjustment<\/span><\/li>\n<\/ul>\n","protected":false},"excerpt":{"rendered":"<p><span class=\"Y2IQFc\" lang=\"en\">The MoYu Super RS3 M 3&#215;3 Magnetic is the long-awaited 2022 update to the best-selling RS3 M 2020 speed cube. It is rumored to be at least as popular as its predecessor!<\/span><\/p>\n","protected":false},"featured_media":36693,"comment_status":"closed","ping_status":"closed","template":"","meta":{"_acf_changed":false},"product_brand":[],"product_cat":[433,632],"product_tag":[],"class_list":{"0":"post-36624","1":"product","2":"type-product","3":"status-publish","4":"has-post-thumbnail","6":"product_cat-skill-toys","7":"product_cat-twisting-puzzles","9":"first","10":"instock","11":"taxable","12":"shipping-taxable","13":"purchasable","14":"product-type-simple"},"bundled_by":[],"bundle_stock_status":"instock","bundle_stock_quantity":3,"bundle_virtual":false,"bundle_layout":"","bundle_add_to_cart_form_location":"","bundle_editable_in_cart":false,"bundle_sold_individually_context":"","bundle_item_grouping":"","bundle_min_size":"","bundle_max_size":"","bundle_price":[],"bundled_items":[],"bundle_sell_ids":[],"supplier_id":null,"supplier_sku":"","barcode":null,"atum_controlled":true,"out_stock_date":null,"out_stock_threshold":null,"inheritable":false,"inbound_stock":0,"stock_on_hold":0,"sold_today":0,"sales_last_days":0,"reserved_stock":0,"customer_returns":0,"warehouse_damage":0,"lost_in_post":0,"other_logs":0,"out_stock_days":0,"lost_sales":0,"has_location":false,"update_date":"2026-04-30T00:26:34","atum_locations":[],"atum_stock_status":"instock","restock_status":false,"low_stock_amount":"","sales_update_date":"2026-04-30T00:26:34","calc_backorders":null,"acf":[],"yoast_head":"<!-- This site is optimized with the Yoast SEO plugin v26.8 - https:\/\/yoast.com\/product\/yoast-seo-wordpress\/ -->\n<title>Moyu RS3M Magnetic &#8211; RS Parks<\/title>\n<meta name=\"description\" content=\"The MoYu Super RS3 M 3x3 Magnetic is the long-awaited 2022 update to the best-selling RS3 M 2020 speed cube. It is rumored to be at least as popular as its predecessor!\" \/>\n<meta name=\"robots\" content=\"index, follow, max-snippet:-1, max-image-preview:large, max-video-preview:-1\" \/>\n<link rel=\"canonical\" href=\"https:\/\/kauppa.rsparks.fi\/en\/shop\/moyu-rs3m-magnetic\/\" \/>\n<meta property=\"og:locale\" content=\"en_US\" \/>\n<meta property=\"og:type\" content=\"article\" \/>\n<meta property=\"og:title\" content=\"Moyu RS3M Magnetic &#8211; RS Parks\" \/>\n<meta property=\"og:description\" content=\"The MoYu Super RS3 M 3x3 Magnetic is the long-awaited 2022 update to the best-selling RS3 M 2020 speed cube. It is rumored to be at least as popular as its predecessor!\" \/>\n<meta property=\"og:url\" content=\"https:\/\/kauppa.rsparks.fi\/en\/shop\/moyu-rs3m-magnetic\/\" \/>\n<meta property=\"og:site_name\" content=\"RS Parks\" \/>\n<meta property=\"article:modified_time\" content=\"2025-10-12T09:58:50+00:00\" \/>\n<meta property=\"og:image\" content=\"https:\/\/kauppa.rsparks.fi\/wp-content\/uploads\/MoYu-Super-RS3-M-3x3-Magnetic.png\" \/>\n\t<meta property=\"og:image:width\" content=\"1812\" \/>\n\t<meta property=\"og:image:height\" content=\"1019\" \/>\n\t<meta property=\"og:image:type\" content=\"image\/png\" \/>\n<meta name=\"twitter:card\" content=\"summary_large_image\" \/>\n<script type=\"application\/ld+json\" class=\"yoast-schema-graph\">{\"@context\":\"https:\/\/schema.org\",\"@graph\":[{\"@type\":\"WebPage\",\"@id\":\"https:\/\/kauppa.rsparks.fi\/en\/shop\/moyu-rs3m-magnetic\/\",\"url\":\"https:\/\/kauppa.rsparks.fi\/en\/shop\/moyu-rs3m-magnetic\/\",\"name\":\"Moyu RS3M Magnetic &#8211; RS Parks\",\"isPartOf\":{\"@id\":\"https:\/\/kauppa.rsparks.fi\/en\/#website\"},\"primaryImageOfPage\":{\"@id\":\"https:\/\/kauppa.rsparks.fi\/en\/shop\/moyu-rs3m-magnetic\/#primaryimage\"},\"image\":{\"@id\":\"https:\/\/kauppa.rsparks.fi\/en\/shop\/moyu-rs3m-magnetic\/#primaryimage\"},\"thumbnailUrl\":\"https:\/\/kauppa.rsparks.fi\/wp-content\/uploads\/MoYu-Super-RS3-M-3x3-Magnetic.png\",\"datePublished\":\"2023-03-23T15:49:07+00:00\",\"dateModified\":\"2025-10-12T09:58:50+00:00\",\"description\":\"The MoYu Super RS3 M 3x3 Magnetic is the long-awaited 2022 update to the best-selling RS3 M 2020 speed cube. It is rumored to be at least as popular as its predecessor!\",\"breadcrumb\":{\"@id\":\"https:\/\/kauppa.rsparks.fi\/en\/shop\/moyu-rs3m-magnetic\/#breadcrumb\"},\"inLanguage\":\"en-us\",\"potentialAction\":[{\"@type\":\"ReadAction\",\"target\":[\"https:\/\/kauppa.rsparks.fi\/en\/shop\/moyu-rs3m-magnetic\/\"]}]},{\"@type\":\"ImageObject\",\"inLanguage\":\"en-us\",\"@id\":\"https:\/\/kauppa.rsparks.fi\/en\/shop\/moyu-rs3m-magnetic\/#primaryimage\",\"url\":\"https:\/\/kauppa.rsparks.fi\/wp-content\/uploads\/MoYu-Super-RS3-M-3x3-Magnetic.png\",\"contentUrl\":\"https:\/\/kauppa.rsparks.fi\/wp-content\/uploads\/MoYu-Super-RS3-M-3x3-Magnetic.png\",\"width\":1812,\"height\":1019,\"caption\":\"MoYu Super RS3 M 3x3 Magnetic\"},{\"@type\":\"BreadcrumbList\",\"@id\":\"https:\/\/kauppa.rsparks.fi\/en\/shop\/moyu-rs3m-magnetic\/#breadcrumb\",\"itemListElement\":[{\"@type\":\"ListItem\",\"position\":1,\"name\":\"Home\",\"item\":\"https:\/\/kauppa.rsparks.fi\/en\/shop\/\"},{\"@type\":\"ListItem\",\"position\":2,\"name\":\"Shop\",\"item\":\"https:\/\/kauppa.rsparks.fi\/en\/shop\/\"},{\"@type\":\"ListItem\",\"position\":3,\"name\":\"Moyu RS3M Magnetic\"}]},{\"@type\":\"WebSite\",\"@id\":\"https:\/\/kauppa.rsparks.fi\/en\/#website\",\"url\":\"https:\/\/kauppa.rsparks.fi\/en\/\",\"name\":\"RS Parks\",\"description\":\"Getting better everyday! Skill training equipment and facilities by RS Parks.\",\"publisher\":{\"@id\":\"https:\/\/kauppa.rsparks.fi\/en\/#organization\"},\"potentialAction\":[{\"@type\":\"SearchAction\",\"target\":{\"@type\":\"EntryPoint\",\"urlTemplate\":\"https:\/\/kauppa.rsparks.fi\/en\/?s={search_term_string}\"},\"query-input\":{\"@type\":\"PropertyValueSpecification\",\"valueRequired\":true,\"valueName\":\"search_term_string\"}}],\"inLanguage\":\"en-us\"},{\"@type\":\"Organization\",\"@id\":\"https:\/\/kauppa.rsparks.fi\/en\/#organization\",\"name\":\"RS Parks Oy\",\"url\":\"https:\/\/kauppa.rsparks.fi\/en\/\",\"logo\":{\"@type\":\"ImageObject\",\"inLanguage\":\"en-us\",\"@id\":\"https:\/\/kauppa.rsparks.fi\/en\/#\/schema\/logo\/image\/\",\"url\":\"https:\/\/kauppa.rsparks.fi\/wp-content\/uploads\/RS-Park-logo-pieni-1.png\",\"contentUrl\":\"https:\/\/kauppa.rsparks.fi\/wp-content\/uploads\/RS-Park-logo-pieni-1.png\",\"width\":100,\"height\":100,\"caption\":\"RS Parks Oy\"},\"image\":{\"@id\":\"https:\/\/kauppa.rsparks.fi\/en\/#\/schema\/logo\/image\/\"}}]}<\/script>\n<!-- \/ Yoast SEO plugin. -->","yoast_head_json":{"title":"Moyu RS3M Magnetic &#8211; RS Parks","description":"The MoYu Super RS3 M 3x3 Magnetic is the long-awaited 2022 update to the best-selling RS3 M 2020 speed cube. It is rumored to be at least as popular as its predecessor!","robots":{"index":"index","follow":"follow","max-snippet":"max-snippet:-1","max-image-preview":"max-image-preview:large","max-video-preview":"max-video-preview:-1"},"canonical":"https:\/\/kauppa.rsparks.fi\/en\/shop\/moyu-rs3m-magnetic\/","og_locale":"en_US","og_type":"article","og_title":"Moyu RS3M Magnetic &#8211; RS Parks","og_description":"The MoYu Super RS3 M 3x3 Magnetic is the long-awaited 2022 update to the best-selling RS3 M 2020 speed cube. It is rumored to be at least as popular as its predecessor!","og_url":"https:\/\/kauppa.rsparks.fi\/en\/shop\/moyu-rs3m-magnetic\/","og_site_name":"RS Parks","article_modified_time":"2025-10-12T09:58:50+00:00","og_image":[{"width":1812,"height":1019,"url":"https:\/\/kauppa.rsparks.fi\/wp-content\/uploads\/MoYu-Super-RS3-M-3x3-Magnetic.png","type":"image\/png"}],"twitter_card":"summary_large_image","schema":{"@context":"https:\/\/schema.org","@graph":[{"@type":"WebPage","@id":"https:\/\/kauppa.rsparks.fi\/en\/shop\/moyu-rs3m-magnetic\/","url":"https:\/\/kauppa.rsparks.fi\/en\/shop\/moyu-rs3m-magnetic\/","name":"Moyu RS3M Magnetic &#8211; RS Parks","isPartOf":{"@id":"https:\/\/kauppa.rsparks.fi\/en\/#website"},"primaryImageOfPage":{"@id":"https:\/\/kauppa.rsparks.fi\/en\/shop\/moyu-rs3m-magnetic\/#primaryimage"},"image":{"@id":"https:\/\/kauppa.rsparks.fi\/en\/shop\/moyu-rs3m-magnetic\/#primaryimage"},"thumbnailUrl":"https:\/\/kauppa.rsparks.fi\/wp-content\/uploads\/MoYu-Super-RS3-M-3x3-Magnetic.png","datePublished":"2023-03-23T15:49:07+00:00","dateModified":"2025-10-12T09:58:50+00:00","description":"The MoYu Super RS3 M 3x3 Magnetic is the long-awaited 2022 update to the best-selling RS3 M 2020 speed cube. It is rumored to be at least as popular as its predecessor!","breadcrumb":{"@id":"https:\/\/kauppa.rsparks.fi\/en\/shop\/moyu-rs3m-magnetic\/#breadcrumb"},"inLanguage":"en-us","potentialAction":[{"@type":"ReadAction","target":["https:\/\/kauppa.rsparks.fi\/en\/shop\/moyu-rs3m-magnetic\/"]}]},{"@type":"ImageObject","inLanguage":"en-us","@id":"https:\/\/kauppa.rsparks.fi\/en\/shop\/moyu-rs3m-magnetic\/#primaryimage","url":"https:\/\/kauppa.rsparks.fi\/wp-content\/uploads\/MoYu-Super-RS3-M-3x3-Magnetic.png","contentUrl":"https:\/\/kauppa.rsparks.fi\/wp-content\/uploads\/MoYu-Super-RS3-M-3x3-Magnetic.png","width":1812,"height":1019,"caption":"MoYu Super RS3 M 3x3 Magnetic"},{"@type":"BreadcrumbList","@id":"https:\/\/kauppa.rsparks.fi\/en\/shop\/moyu-rs3m-magnetic\/#breadcrumb","itemListElement":[{"@type":"ListItem","position":1,"name":"Home","item":"https:\/\/kauppa.rsparks.fi\/en\/shop\/"},{"@type":"ListItem","position":2,"name":"Shop","item":"https:\/\/kauppa.rsparks.fi\/en\/shop\/"},{"@type":"ListItem","position":3,"name":"Moyu RS3M Magnetic"}]},{"@type":"WebSite","@id":"https:\/\/kauppa.rsparks.fi\/en\/#website","url":"https:\/\/kauppa.rsparks.fi\/en\/","name":"RS Parks","description":"Getting better everyday! Skill training equipment and facilities by RS Parks.","publisher":{"@id":"https:\/\/kauppa.rsparks.fi\/en\/#organization"},"potentialAction":[{"@type":"SearchAction","target":{"@type":"EntryPoint","urlTemplate":"https:\/\/kauppa.rsparks.fi\/en\/?s={search_term_string}"},"query-input":{"@type":"PropertyValueSpecification","valueRequired":true,"valueName":"search_term_string"}}],"inLanguage":"en-us"},{"@type":"Organization","@id":"https:\/\/kauppa.rsparks.fi\/en\/#organization","name":"RS Parks Oy","url":"https:\/\/kauppa.rsparks.fi\/en\/","logo":{"@type":"ImageObject","inLanguage":"en-us","@id":"https:\/\/kauppa.rsparks.fi\/en\/#\/schema\/logo\/image\/","url":"https:\/\/kauppa.rsparks.fi\/wp-content\/uploads\/RS-Park-logo-pieni-1.png","contentUrl":"https:\/\/kauppa.rsparks.fi\/wp-content\/uploads\/RS-Park-logo-pieni-1.png","width":100,"height":100,"caption":"RS Parks Oy"},"image":{"@id":"https:\/\/kauppa.rsparks.fi\/en\/#\/schema\/logo\/image\/"}}]}},"_links":{"self":[{"href":"https:\/\/kauppa.rsparks.fi\/en\/wp-json\/wp\/v2\/product\/36624","targetHints":{"allow":["GET"]}}],"collection":[{"href":"https:\/\/kauppa.rsparks.fi\/en\/wp-json\/wp\/v2\/product"}],"about":[{"href":"https:\/\/kauppa.rsparks.fi\/en\/wp-json\/wp\/v2\/types\/product"}],"replies":[{"embeddable":true,"href":"https:\/\/kauppa.rsparks.fi\/en\/wp-json\/wp\/v2\/comments?post=36624"}],"wp:featuredmedia":[{"embeddable":true,"href":"https:\/\/kauppa.rsparks.fi\/en\/wp-json\/wp\/v2\/media\/36693"}],"wp:attachment":[{"href":"https:\/\/kauppa.rsparks.fi\/en\/wp-json\/wp\/v2\/media?parent=36624"}],"wp:term":[{"taxonomy":"product_brand","embeddable":true,"href":"https:\/\/kauppa.rsparks.fi\/en\/wp-json\/wp\/v2\/product_brand?post=36624"},{"taxonomy":"product_cat","embeddable":true,"href":"https:\/\/kauppa.rsparks.fi\/en\/wp-json\/wp\/v2\/product_cat?post=36624"},{"taxonomy":"product_tag","embeddable":true,"href":"https:\/\/kauppa.rsparks.fi\/en\/wp-json\/wp\/v2\/product_tag?post=36624"}],"curies":[{"name":"wp","href":"https:\/\/api.w.org\/{rel}","templated":true}]}}