{"id":4163,"date":"2018-09-19T16:01:26","date_gmt":"2018-09-19T13:01:26","guid":{"rendered":"https:\/\/rsparks.fi\/?post_type=product&#038;p=4163"},"modified":"2019-10-03T15:13:58","modified_gmt":"2019-10-03T12:13:58","slug":"switch-boards-parkboard-95-kids-en","status":"publish","type":"product","link":"https:\/\/kauppa.rsparks.fi\/en\/shop\/switch-boards-parkboard-95-kids-en\/","title":{"rendered":"Switch Boards &#8211; Parkboard 95 kids"},"content":{"rendered":"<h1>Switch Boards &#8211; Parkboard 95 kids<\/h1>\n<p>Parkboard 95 by Switch Board is a snowboard on wheels.\u00a0The Parkboard is designed for indoor kickers with foam pits or airbags. With the board you can safely learn new tricks.\u00a0The Board is stable\u00a0at high speeds and it\u2019s able to make small tuning adjustments. Getting to a kicker very easy. You can also take off from the edge\u00a0just like on snowboard, but this time it won\u2019t slide.<\/p>\n<p>The Parkboard do not come with bindings.<\/p>\n<h4>Technical details:<\/h4>\n<ul>\n<li>lenght:\u00a095 cm<\/li>\n<li>widht: 26 cm<\/li>\n<li>weight: 2,4 kg<\/li>\n<li>user lenght less than 150 cm<\/li>\n<li>Stance: 51cm \u2013 67cm<\/li>\n<li>8 wheels<\/li>\n<li>Made in Poland<\/li>\n<\/ul>\n","protected":false},"excerpt":{"rendered":"<p>Parkboard 95 by Switch Board is a snowboard on wheels.\u00a0The Parkboard is designed for indoor kickers with foam pits or airbags.<\/p>\n","protected":false},"featured_media":4165,"comment_status":"closed","ping_status":"closed","template":"","meta":{"_acf_changed":false},"product_brand":[174],"product_cat":[172,469,470],"product_tag":[114,115,126],"class_list":{"0":"post-4163","1":"product","2":"type-product","3":"status-publish","4":"has-post-thumbnail","6":"product_brand-switch-board-en","7":"product_cat-freestyle-training","8":"product_cat-jib-boards-and-accessories","9":"product_cat-trampoline-boards","10":"product_tag-lautailu-en","11":"product_tag-lumilauta-en","12":"product_tag-trampolin","14":"first","15":"onbackorder","16":"taxable","17":"shipping-taxable","18":"product-type-simple"},"bundled_by":[],"bundle_stock_status":"onbackorder","bundle_stock_quantity":0,"bundle_virtual":false,"bundle_layout":"","bundle_add_to_cart_form_location":"","bundle_editable_in_cart":false,"bundle_sold_individually_context":"","bundle_item_grouping":"","bundle_min_size":"","bundle_max_size":"","bundle_price":[],"bundled_items":[],"bundle_sell_ids":[],"supplier_id":null,"supplier_sku":"","barcode":null,"atum_controlled":true,"out_stock_date":null,"out_stock_threshold":null,"inheritable":false,"inbound_stock":0,"stock_on_hold":0,"sold_today":0,"sales_last_days":0,"reserved_stock":0,"customer_returns":0,"warehouse_damage":0,"lost_in_post":0,"other_logs":0,"out_stock_days":0,"lost_sales":0,"has_location":false,"update_date":"2026-04-17T00:17:44","atum_locations":[],"atum_stock_status":"onbackorder","restock_status":false,"low_stock_amount":"","sales_update_date":"2026-04-17T00:17:44","calc_backorders":null,"acf":[],"yoast_head":"<!-- This site is optimized with the Yoast SEO plugin v26.8 - https:\/\/yoast.com\/product\/yoast-seo-wordpress\/ -->\n<title>Switch Boards - Parkboard 95 kids &#8211; RS Parks<\/title>\n<meta name=\"description\" content=\"Switch Boardsin trampoliinilaudalla hiot lautatemput kuten gr\u00e4bit, spinnit ja voltit lihasmuistiin. Lauta soveltuu erinomaisesti nimens\u00e4 mukaisesti trampoliinill\u00e4 harjoitteluun, mutta sit\u00e4 voi k\u00e4ytt\u00e4\u00e4 my\u00f6s reilitemppujen harjoitteluun esim. Balance barilla.\" \/>\n<meta name=\"robots\" content=\"index, follow, max-snippet:-1, max-image-preview:large, max-video-preview:-1\" \/>\n<link rel=\"canonical\" href=\"https:\/\/kauppa.rsparks.fi\/en\/shop\/switch-boards-parkboard-95-kids-en\/\" \/>\n<meta property=\"og:locale\" content=\"en_US\" \/>\n<meta property=\"og:type\" content=\"article\" \/>\n<meta property=\"og:title\" content=\"Switch Boards - Parkboard 95 kids &#8211; RS Parks\" \/>\n<meta property=\"og:description\" content=\"Switch Boardsin trampoliinilaudalla hiot lautatemput kuten gr\u00e4bit, spinnit ja voltit lihasmuistiin. Lauta soveltuu erinomaisesti nimens\u00e4 mukaisesti trampoliinill\u00e4 harjoitteluun, mutta sit\u00e4 voi k\u00e4ytt\u00e4\u00e4 my\u00f6s reilitemppujen harjoitteluun esim. Balance barilla.\" \/>\n<meta property=\"og:url\" content=\"https:\/\/kauppa.rsparks.fi\/en\/shop\/switch-boards-parkboard-95-kids-en\/\" \/>\n<meta property=\"og:site_name\" content=\"RS Parks\" \/>\n<meta property=\"article:modified_time\" content=\"2019-10-03T12:13:58+00:00\" \/>\n<meta property=\"og:image\" content=\"https:\/\/kauppa.rsparks.fi\/wp-content\/uploads\/Switch-Boards-Parkboard-95-kids-3.png\" \/>\n\t<meta property=\"og:image:width\" content=\"1600\" \/>\n\t<meta property=\"og:image:height\" content=\"900\" \/>\n\t<meta property=\"og:image:type\" content=\"image\/png\" \/>\n<meta name=\"twitter:card\" content=\"summary_large_image\" \/>\n<script type=\"application\/ld+json\" class=\"yoast-schema-graph\">{\"@context\":\"https:\/\/schema.org\",\"@graph\":[{\"@type\":\"WebPage\",\"@id\":\"https:\/\/kauppa.rsparks.fi\/en\/shop\/switch-boards-parkboard-95-kids-en\/\",\"url\":\"https:\/\/kauppa.rsparks.fi\/en\/shop\/switch-boards-parkboard-95-kids-en\/\",\"name\":\"Switch Boards - Parkboard 95 kids &#8211; RS Parks\",\"isPartOf\":{\"@id\":\"https:\/\/kauppa.rsparks.fi\/en\/#website\"},\"primaryImageOfPage\":{\"@id\":\"https:\/\/kauppa.rsparks.fi\/en\/shop\/switch-boards-parkboard-95-kids-en\/#primaryimage\"},\"image\":{\"@id\":\"https:\/\/kauppa.rsparks.fi\/en\/shop\/switch-boards-parkboard-95-kids-en\/#primaryimage\"},\"thumbnailUrl\":\"https:\/\/kauppa.rsparks.fi\/wp-content\/uploads\/Switch-Boards-Parkboard-95-kids-3.png\",\"datePublished\":\"2018-09-19T13:01:26+00:00\",\"dateModified\":\"2019-10-03T12:13:58+00:00\",\"description\":\"Switch Boardsin trampoliinilaudalla hiot lautatemput kuten gr\u00e4bit, spinnit ja voltit lihasmuistiin. Lauta soveltuu erinomaisesti nimens\u00e4 mukaisesti trampoliinill\u00e4 harjoitteluun, mutta sit\u00e4 voi k\u00e4ytt\u00e4\u00e4 my\u00f6s reilitemppujen harjoitteluun esim. Balance barilla.\",\"breadcrumb\":{\"@id\":\"https:\/\/kauppa.rsparks.fi\/en\/shop\/switch-boards-parkboard-95-kids-en\/#breadcrumb\"},\"inLanguage\":\"en-us\",\"potentialAction\":[{\"@type\":\"ReadAction\",\"target\":[\"https:\/\/kauppa.rsparks.fi\/en\/shop\/switch-boards-parkboard-95-kids-en\/\"]}]},{\"@type\":\"ImageObject\",\"inLanguage\":\"en-us\",\"@id\":\"https:\/\/kauppa.rsparks.fi\/en\/shop\/switch-boards-parkboard-95-kids-en\/#primaryimage\",\"url\":\"https:\/\/kauppa.rsparks.fi\/wp-content\/uploads\/Switch-Boards-Parkboard-95-kids-3.png\",\"contentUrl\":\"https:\/\/kauppa.rsparks.fi\/wp-content\/uploads\/Switch-Boards-Parkboard-95-kids-3.png\",\"width\":1600,\"height\":900,\"caption\":\"Switch Boards Parkboard 95 kids 3\"},{\"@type\":\"BreadcrumbList\",\"@id\":\"https:\/\/kauppa.rsparks.fi\/en\/shop\/switch-boards-parkboard-95-kids-en\/#breadcrumb\",\"itemListElement\":[{\"@type\":\"ListItem\",\"position\":1,\"name\":\"Home\",\"item\":\"https:\/\/kauppa.rsparks.fi\/en\/shop\/\"},{\"@type\":\"ListItem\",\"position\":2,\"name\":\"Shop\",\"item\":\"https:\/\/kauppa.rsparks.fi\/en\/shop\/\"},{\"@type\":\"ListItem\",\"position\":3,\"name\":\"Switch Boards &#8211; Parkboard 95 kids\"}]},{\"@type\":\"WebSite\",\"@id\":\"https:\/\/kauppa.rsparks.fi\/en\/#website\",\"url\":\"https:\/\/kauppa.rsparks.fi\/en\/\",\"name\":\"RS Parks\",\"description\":\"Getting better everyday! Skill training equipment and facilities by RS Parks.\",\"publisher\":{\"@id\":\"https:\/\/kauppa.rsparks.fi\/en\/#organization\"},\"potentialAction\":[{\"@type\":\"SearchAction\",\"target\":{\"@type\":\"EntryPoint\",\"urlTemplate\":\"https:\/\/kauppa.rsparks.fi\/en\/?s={search_term_string}\"},\"query-input\":{\"@type\":\"PropertyValueSpecification\",\"valueRequired\":true,\"valueName\":\"search_term_string\"}}],\"inLanguage\":\"en-us\"},{\"@type\":\"Organization\",\"@id\":\"https:\/\/kauppa.rsparks.fi\/en\/#organization\",\"name\":\"RS Parks Oy\",\"url\":\"https:\/\/kauppa.rsparks.fi\/en\/\",\"logo\":{\"@type\":\"ImageObject\",\"inLanguage\":\"en-us\",\"@id\":\"https:\/\/kauppa.rsparks.fi\/en\/#\/schema\/logo\/image\/\",\"url\":\"https:\/\/kauppa.rsparks.fi\/wp-content\/uploads\/RS-Park-logo-pieni-1.png\",\"contentUrl\":\"https:\/\/kauppa.rsparks.fi\/wp-content\/uploads\/RS-Park-logo-pieni-1.png\",\"width\":100,\"height\":100,\"caption\":\"RS Parks Oy\"},\"image\":{\"@id\":\"https:\/\/kauppa.rsparks.fi\/en\/#\/schema\/logo\/image\/\"}}]}<\/script>\n<!-- \/ Yoast SEO plugin. -->","yoast_head_json":{"title":"Switch Boards - Parkboard 95 kids &#8211; RS Parks","description":"Switch Boardsin trampoliinilaudalla hiot lautatemput kuten gr\u00e4bit, spinnit ja voltit lihasmuistiin. Lauta soveltuu erinomaisesti nimens\u00e4 mukaisesti trampoliinill\u00e4 harjoitteluun, mutta sit\u00e4 voi k\u00e4ytt\u00e4\u00e4 my\u00f6s reilitemppujen harjoitteluun esim. Balance barilla.","robots":{"index":"index","follow":"follow","max-snippet":"max-snippet:-1","max-image-preview":"max-image-preview:large","max-video-preview":"max-video-preview:-1"},"canonical":"https:\/\/kauppa.rsparks.fi\/en\/shop\/switch-boards-parkboard-95-kids-en\/","og_locale":"en_US","og_type":"article","og_title":"Switch Boards - Parkboard 95 kids &#8211; RS Parks","og_description":"Switch Boardsin trampoliinilaudalla hiot lautatemput kuten gr\u00e4bit, spinnit ja voltit lihasmuistiin. Lauta soveltuu erinomaisesti nimens\u00e4 mukaisesti trampoliinill\u00e4 harjoitteluun, mutta sit\u00e4 voi k\u00e4ytt\u00e4\u00e4 my\u00f6s reilitemppujen harjoitteluun esim. Balance barilla.","og_url":"https:\/\/kauppa.rsparks.fi\/en\/shop\/switch-boards-parkboard-95-kids-en\/","og_site_name":"RS Parks","article_modified_time":"2019-10-03T12:13:58+00:00","og_image":[{"width":1600,"height":900,"url":"https:\/\/kauppa.rsparks.fi\/wp-content\/uploads\/Switch-Boards-Parkboard-95-kids-3.png","type":"image\/png"}],"twitter_card":"summary_large_image","schema":{"@context":"https:\/\/schema.org","@graph":[{"@type":"WebPage","@id":"https:\/\/kauppa.rsparks.fi\/en\/shop\/switch-boards-parkboard-95-kids-en\/","url":"https:\/\/kauppa.rsparks.fi\/en\/shop\/switch-boards-parkboard-95-kids-en\/","name":"Switch Boards - Parkboard 95 kids &#8211; RS Parks","isPartOf":{"@id":"https:\/\/kauppa.rsparks.fi\/en\/#website"},"primaryImageOfPage":{"@id":"https:\/\/kauppa.rsparks.fi\/en\/shop\/switch-boards-parkboard-95-kids-en\/#primaryimage"},"image":{"@id":"https:\/\/kauppa.rsparks.fi\/en\/shop\/switch-boards-parkboard-95-kids-en\/#primaryimage"},"thumbnailUrl":"https:\/\/kauppa.rsparks.fi\/wp-content\/uploads\/Switch-Boards-Parkboard-95-kids-3.png","datePublished":"2018-09-19T13:01:26+00:00","dateModified":"2019-10-03T12:13:58+00:00","description":"Switch Boardsin trampoliinilaudalla hiot lautatemput kuten gr\u00e4bit, spinnit ja voltit lihasmuistiin. Lauta soveltuu erinomaisesti nimens\u00e4 mukaisesti trampoliinill\u00e4 harjoitteluun, mutta sit\u00e4 voi k\u00e4ytt\u00e4\u00e4 my\u00f6s reilitemppujen harjoitteluun esim. Balance barilla.","breadcrumb":{"@id":"https:\/\/kauppa.rsparks.fi\/en\/shop\/switch-boards-parkboard-95-kids-en\/#breadcrumb"},"inLanguage":"en-us","potentialAction":[{"@type":"ReadAction","target":["https:\/\/kauppa.rsparks.fi\/en\/shop\/switch-boards-parkboard-95-kids-en\/"]}]},{"@type":"ImageObject","inLanguage":"en-us","@id":"https:\/\/kauppa.rsparks.fi\/en\/shop\/switch-boards-parkboard-95-kids-en\/#primaryimage","url":"https:\/\/kauppa.rsparks.fi\/wp-content\/uploads\/Switch-Boards-Parkboard-95-kids-3.png","contentUrl":"https:\/\/kauppa.rsparks.fi\/wp-content\/uploads\/Switch-Boards-Parkboard-95-kids-3.png","width":1600,"height":900,"caption":"Switch Boards Parkboard 95 kids 3"},{"@type":"BreadcrumbList","@id":"https:\/\/kauppa.rsparks.fi\/en\/shop\/switch-boards-parkboard-95-kids-en\/#breadcrumb","itemListElement":[{"@type":"ListItem","position":1,"name":"Home","item":"https:\/\/kauppa.rsparks.fi\/en\/shop\/"},{"@type":"ListItem","position":2,"name":"Shop","item":"https:\/\/kauppa.rsparks.fi\/en\/shop\/"},{"@type":"ListItem","position":3,"name":"Switch Boards &#8211; Parkboard 95 kids"}]},{"@type":"WebSite","@id":"https:\/\/kauppa.rsparks.fi\/en\/#website","url":"https:\/\/kauppa.rsparks.fi\/en\/","name":"RS Parks","description":"Getting better everyday! Skill training equipment and facilities by RS Parks.","publisher":{"@id":"https:\/\/kauppa.rsparks.fi\/en\/#organization"},"potentialAction":[{"@type":"SearchAction","target":{"@type":"EntryPoint","urlTemplate":"https:\/\/kauppa.rsparks.fi\/en\/?s={search_term_string}"},"query-input":{"@type":"PropertyValueSpecification","valueRequired":true,"valueName":"search_term_string"}}],"inLanguage":"en-us"},{"@type":"Organization","@id":"https:\/\/kauppa.rsparks.fi\/en\/#organization","name":"RS Parks Oy","url":"https:\/\/kauppa.rsparks.fi\/en\/","logo":{"@type":"ImageObject","inLanguage":"en-us","@id":"https:\/\/kauppa.rsparks.fi\/en\/#\/schema\/logo\/image\/","url":"https:\/\/kauppa.rsparks.fi\/wp-content\/uploads\/RS-Park-logo-pieni-1.png","contentUrl":"https:\/\/kauppa.rsparks.fi\/wp-content\/uploads\/RS-Park-logo-pieni-1.png","width":100,"height":100,"caption":"RS Parks Oy"},"image":{"@id":"https:\/\/kauppa.rsparks.fi\/en\/#\/schema\/logo\/image\/"}}]}},"_links":{"self":[{"href":"https:\/\/kauppa.rsparks.fi\/en\/wp-json\/wp\/v2\/product\/4163","targetHints":{"allow":["GET"]}}],"collection":[{"href":"https:\/\/kauppa.rsparks.fi\/en\/wp-json\/wp\/v2\/product"}],"about":[{"href":"https:\/\/kauppa.rsparks.fi\/en\/wp-json\/wp\/v2\/types\/product"}],"replies":[{"embeddable":true,"href":"https:\/\/kauppa.rsparks.fi\/en\/wp-json\/wp\/v2\/comments?post=4163"}],"wp:featuredmedia":[{"embeddable":true,"href":"https:\/\/kauppa.rsparks.fi\/en\/wp-json\/wp\/v2\/media\/4165"}],"wp:attachment":[{"href":"https:\/\/kauppa.rsparks.fi\/en\/wp-json\/wp\/v2\/media?parent=4163"}],"wp:term":[{"taxonomy":"product_brand","embeddable":true,"href":"https:\/\/kauppa.rsparks.fi\/en\/wp-json\/wp\/v2\/product_brand?post=4163"},{"taxonomy":"product_cat","embeddable":true,"href":"https:\/\/kauppa.rsparks.fi\/en\/wp-json\/wp\/v2\/product_cat?post=4163"},{"taxonomy":"product_tag","embeddable":true,"href":"https:\/\/kauppa.rsparks.fi\/en\/wp-json\/wp\/v2\/product_tag?post=4163"}],"curies":[{"name":"wp","href":"https:\/\/api.w.org\/{rel}","templated":true}]}}